{"id":1401,"date":"2022-09-22T14:43:34","date_gmt":"2022-09-22T11:43:34","guid":{"rendered":"https:\/\/kroonpak.com\/kroonpakist\/"},"modified":"2025-09-03T10:46:32","modified_gmt":"2025-09-03T07:46:32","slug":"kroonpakist","status":"publish","type":"page","link":"https:\/\/kroonpak.com\/et\/kroonpakist\/","title":{"rendered":"Kroonpakist"},"content":{"rendered":"\n<p>Kroonpak on Kroonpressi pakendi\u00fcksus, mis p\u00f5hineb ettev\u00f5tte pikaajalisel kogemusel ja p\u00e4randil juhtiva ofset-tr\u00fckikojana Baltikumis ja Skandinaavias. T\u00e4na loome kvaliteetseid ja keskkonnas\u00f5bralikke pakendeid, mis aitavad ettev\u00f5tetel v\u00e4hendada oma keskkonnam\u00f5ju ja t\u00e4ita regulatiivseid n\u00f5udeid. <\/p>\n\n\n\n<p>Oleme rohkem kui tarnija \u2013 usaldusv\u00e4\u00e4rne partner, kes tagab sujuvad protsessid ja k\u00f5rgeimad standardid. Kroonpaki pakenditootmine toetub tugevalt Kroonpressi teadmistele ja pikaajalisele kogemusele tr\u00fcki- ja pabert\u00f6\u00f6stuses. V\u00f5tame ka siia kaasa professionaalsuse ja kliendikeskse l\u00e4henemisviisi. Lisaks Eestile tarnime seitsmesse riiki \u00fcle Euroopa.<\/p>\n","protected":false},"excerpt":{"rendered":"Kroonpak on Kroonpressi pakendi\u00fcksus, mis p\u00f5hineb ettev\u00f5tte pikaajalisel kogemusel ja p\u00e4randil juhtiva ofset-tr\u00fckikojana Baltikumis ja Skandinaavias. T\u00e4na loome kvaliteetseid ja keskkonnas\u00f5bralikke pakendeid, mis aitavad ettev\u00f5tetel v\u00e4hendada oma keskkonnam\u00f5ju ja t\u00e4ita regulatiivseid n\u00f5udeid. Oleme rohkem kui tarnija \u2013 usaldusv\u00e4\u00e4rne partner, kes tagab sujuvad protsessid ja k\u00f5rgeimad standardid. Kroonpaki pakenditootmine toetub tugevalt Kroonpressi teadmistele ja pikaajalisele kogemusele&#8230; <a class=\"view-article\" href=\"https:\/\/kroonpak.com\/et\/kroonpakist\/\">View Article<\/a>","protected":false},"author":1,"featured_media":0,"parent":0,"menu_order":0,"comment_status":"closed","ping_status":"closed","template":"template-about.php","meta":{"_acf_changed":false,"footnotes":""},"class_list":["post-1401","page","type-page","status-publish","hentry"],"acf":[],"yoast_head":"<!-- This site is optimized with the Yoast SEO plugin v27.3 - https:\/\/yoast.com\/product\/yoast-seo-wordpress\/ -->\n<title>Kroonpakist | Kroonpak<\/title>\n<meta name=\"description\" content=\"Toiduohutud ja sertifitseeritud pakendid, paindlikud tellimused ja j\u00e4tkusuutlik tootmine. Kroonpak \u2013 targad valikud n\u00f5udlikule ostjale.\" \/>\n<meta name=\"robots\" content=\"index, follow, max-snippet:-1, max-image-preview:large, max-video-preview:-1\" \/>\n<link rel=\"canonical\" href=\"https:\/\/kroonpak.com\/et\/kroonpakist\/\" \/>\n<meta property=\"og:locale\" content=\"et_EE\" \/>\n<meta property=\"og:type\" content=\"article\" \/>\n<meta property=\"og:title\" content=\"Kroonpakist | Kroonpak\" \/>\n<meta property=\"og:description\" content=\"Toiduohutud ja sertifitseeritud pakendid, paindlikud tellimused ja j\u00e4tkusuutlik tootmine. Kroonpak \u2013 targad valikud n\u00f5udlikule ostjale.\" \/>\n<meta property=\"og:url\" content=\"https:\/\/kroonpak.com\/et\/kroonpakist\/\" \/>\n<meta property=\"og:site_name\" content=\"Kroonpak\" \/>\n<meta property=\"article:modified_time\" content=\"2025-09-03T07:46:32+00:00\" \/>\n<meta name=\"twitter:card\" content=\"summary_large_image\" \/>\n<meta name=\"twitter:label1\" content=\"Est. reading time\" \/>\n\t<meta name=\"twitter:data1\" content=\"1 minut\" \/>\n<script type=\"application\/ld+json\" class=\"yoast-schema-graph\">{\"@context\":\"https:\\\/\\\/schema.org\",\"@graph\":[{\"@type\":\"WebPage\",\"@id\":\"https:\\\/\\\/kroonpak.com\\\/et\\\/kroonpakist\\\/\",\"url\":\"https:\\\/\\\/kroonpak.com\\\/et\\\/kroonpakist\\\/\",\"name\":\"Kroonpakist | Kroonpak\",\"isPartOf\":{\"@id\":\"https:\\\/\\\/kroonpak.com\\\/et\\\/#website\"},\"datePublished\":\"2022-09-22T11:43:34+00:00\",\"dateModified\":\"2025-09-03T07:46:32+00:00\",\"description\":\"Toiduohutud ja sertifitseeritud pakendid, paindlikud tellimused ja j\u00e4tkusuutlik tootmine. Kroonpak \u2013 targad valikud n\u00f5udlikule ostjale.\",\"breadcrumb\":{\"@id\":\"https:\\\/\\\/kroonpak.com\\\/et\\\/kroonpakist\\\/#breadcrumb\"},\"inLanguage\":\"et\",\"potentialAction\":[{\"@type\":\"ReadAction\",\"target\":[\"https:\\\/\\\/kroonpak.com\\\/et\\\/kroonpakist\\\/\"]}]},{\"@type\":\"BreadcrumbList\",\"@id\":\"https:\\\/\\\/kroonpak.com\\\/et\\\/kroonpakist\\\/#breadcrumb\",\"itemListElement\":[{\"@type\":\"ListItem\",\"position\":1,\"name\":\"Home\",\"item\":\"https:\\\/\\\/kroonpak.com\\\/et\\\/\"},{\"@type\":\"ListItem\",\"position\":2,\"name\":\"Kroonpakist\"}]},{\"@type\":\"WebSite\",\"@id\":\"https:\\\/\\\/kroonpak.com\\\/et\\\/#website\",\"url\":\"https:\\\/\\\/kroonpak.com\\\/et\\\/\",\"name\":\"Kroonpak\",\"description\":\"\",\"publisher\":{\"@id\":\"https:\\\/\\\/kroonpak.com\\\/et\\\/#organization\"},\"potentialAction\":[{\"@type\":\"SearchAction\",\"target\":{\"@type\":\"EntryPoint\",\"urlTemplate\":\"https:\\\/\\\/kroonpak.com\\\/et\\\/?s={search_term_string}\"},\"query-input\":{\"@type\":\"PropertyValueSpecification\",\"valueRequired\":true,\"valueName\":\"search_term_string\"}}],\"inLanguage\":\"et\"},{\"@type\":\"Organization\",\"@id\":\"https:\\\/\\\/kroonpak.com\\\/et\\\/#organization\",\"name\":\"Kroonpress AS\",\"url\":\"https:\\\/\\\/kroonpak.com\\\/et\\\/\",\"logo\":{\"@type\":\"ImageObject\",\"inLanguage\":\"et\",\"@id\":\"https:\\\/\\\/kroonpak.com\\\/et\\\/#\\\/schema\\\/logo\\\/image\\\/\",\"url\":\"https:\\\/\\\/kroonpak.com\\\/wp-content\\\/uploads\\\/2022\\\/10\\\/kroonpak.jpg\",\"contentUrl\":\"https:\\\/\\\/kroonpak.com\\\/wp-content\\\/uploads\\\/2022\\\/10\\\/kroonpak.jpg\",\"width\":794,\"height\":412,\"caption\":\"Kroonpress AS\"},\"image\":{\"@id\":\"https:\\\/\\\/kroonpak.com\\\/et\\\/#\\\/schema\\\/logo\\\/image\\\/\"}}]}<\/script>\n<!-- \/ Yoast SEO plugin. -->","yoast_head_json":{"title":"Kroonpakist | Kroonpak","description":"Toiduohutud ja sertifitseeritud pakendid, paindlikud tellimused ja j\u00e4tkusuutlik tootmine. Kroonpak \u2013 targad valikud n\u00f5udlikule ostjale.","robots":{"index":"index","follow":"follow","max-snippet":"max-snippet:-1","max-image-preview":"max-image-preview:large","max-video-preview":"max-video-preview:-1"},"canonical":"https:\/\/kroonpak.com\/et\/kroonpakist\/","og_locale":"et_EE","og_type":"article","og_title":"Kroonpakist | Kroonpak","og_description":"Toiduohutud ja sertifitseeritud pakendid, paindlikud tellimused ja j\u00e4tkusuutlik tootmine. Kroonpak \u2013 targad valikud n\u00f5udlikule ostjale.","og_url":"https:\/\/kroonpak.com\/et\/kroonpakist\/","og_site_name":"Kroonpak","article_modified_time":"2025-09-03T07:46:32+00:00","twitter_card":"summary_large_image","twitter_misc":{"Est. reading time":"1 minut"},"schema":{"@context":"https:\/\/schema.org","@graph":[{"@type":"WebPage","@id":"https:\/\/kroonpak.com\/et\/kroonpakist\/","url":"https:\/\/kroonpak.com\/et\/kroonpakist\/","name":"Kroonpakist | Kroonpak","isPartOf":{"@id":"https:\/\/kroonpak.com\/et\/#website"},"datePublished":"2022-09-22T11:43:34+00:00","dateModified":"2025-09-03T07:46:32+00:00","description":"Toiduohutud ja sertifitseeritud pakendid, paindlikud tellimused ja j\u00e4tkusuutlik tootmine. Kroonpak \u2013 targad valikud n\u00f5udlikule ostjale.","breadcrumb":{"@id":"https:\/\/kroonpak.com\/et\/kroonpakist\/#breadcrumb"},"inLanguage":"et","potentialAction":[{"@type":"ReadAction","target":["https:\/\/kroonpak.com\/et\/kroonpakist\/"]}]},{"@type":"BreadcrumbList","@id":"https:\/\/kroonpak.com\/et\/kroonpakist\/#breadcrumb","itemListElement":[{"@type":"ListItem","position":1,"name":"Home","item":"https:\/\/kroonpak.com\/et\/"},{"@type":"ListItem","position":2,"name":"Kroonpakist"}]},{"@type":"WebSite","@id":"https:\/\/kroonpak.com\/et\/#website","url":"https:\/\/kroonpak.com\/et\/","name":"Kroonpak","description":"","publisher":{"@id":"https:\/\/kroonpak.com\/et\/#organization"},"potentialAction":[{"@type":"SearchAction","target":{"@type":"EntryPoint","urlTemplate":"https:\/\/kroonpak.com\/et\/?s={search_term_string}"},"query-input":{"@type":"PropertyValueSpecification","valueRequired":true,"valueName":"search_term_string"}}],"inLanguage":"et"},{"@type":"Organization","@id":"https:\/\/kroonpak.com\/et\/#organization","name":"Kroonpress AS","url":"https:\/\/kroonpak.com\/et\/","logo":{"@type":"ImageObject","inLanguage":"et","@id":"https:\/\/kroonpak.com\/et\/#\/schema\/logo\/image\/","url":"https:\/\/kroonpak.com\/wp-content\/uploads\/2022\/10\/kroonpak.jpg","contentUrl":"https:\/\/kroonpak.com\/wp-content\/uploads\/2022\/10\/kroonpak.jpg","width":794,"height":412,"caption":"Kroonpress AS"},"image":{"@id":"https:\/\/kroonpak.com\/et\/#\/schema\/logo\/image\/"}}]}},"_links":{"self":[{"href":"https:\/\/kroonpak.com\/et\/wp-json\/wp\/v2\/pages\/1401","targetHints":{"allow":["GET"]}}],"collection":[{"href":"https:\/\/kroonpak.com\/et\/wp-json\/wp\/v2\/pages"}],"about":[{"href":"https:\/\/kroonpak.com\/et\/wp-json\/wp\/v2\/types\/page"}],"author":[{"embeddable":true,"href":"https:\/\/kroonpak.com\/et\/wp-json\/wp\/v2\/users\/1"}],"replies":[{"embeddable":true,"href":"https:\/\/kroonpak.com\/et\/wp-json\/wp\/v2\/comments?post=1401"}],"version-history":[{"count":38,"href":"https:\/\/kroonpak.com\/et\/wp-json\/wp\/v2\/pages\/1401\/revisions"}],"predecessor-version":[{"id":4537,"href":"https:\/\/kroonpak.com\/et\/wp-json\/wp\/v2\/pages\/1401\/revisions\/4537"}],"wp:attachment":[{"href":"https:\/\/kroonpak.com\/et\/wp-json\/wp\/v2\/media?parent=1401"}],"curies":[{"name":"wp","href":"https:\/\/api.w.org\/{rel}","templated":true}]}}