{"id":1403,"date":"2022-09-27T10:40:04","date_gmt":"2022-09-27T07:40:04","guid":{"rendered":"https:\/\/kroonpak.com\/vota-uhendust\/"},"modified":"2025-12-18T15:47:12","modified_gmt":"2025-12-18T12:47:12","slug":"vota-uhendust","status":"publish","type":"page","link":"https:\/\/kroonpak.com\/et\/vota-uhendust\/","title":{"rendered":"V\u00f5ta \u00fchendust"},"content":{"rendered":"\n<p>Saada oma teade otse siit, helista v\u00f5i v\u00f5ta e-posti teel  \u00fchendust meie m\u00fc\u00fcgimeeskonnaga.<\/p>\n","protected":false},"excerpt":{"rendered":"Saada oma teade otse siit, helista v\u00f5i v\u00f5ta e-posti teel \u00fchendust meie m\u00fc\u00fcgimeeskonnaga.","protected":false},"author":1,"featured_media":0,"parent":0,"menu_order":0,"comment_status":"closed","ping_status":"closed","template":"template-contact.php","meta":{"_acf_changed":false,"footnotes":""},"class_list":["post-1403","page","type-page","status-publish","hentry"],"acf":[],"yoast_head":"<!-- This site is optimized with the Yoast SEO plugin v27.3 - https:\/\/yoast.com\/product\/yoast-seo-wordpress\/ -->\n<title>V\u00f5ta \u00fchendust | Kroonpak<\/title>\n<meta name=\"description\" content=\"Saada oma teade otse siit, helista v\u00f5i v\u00f5ta e-posti teel \u00fchendust meie m\u00fc\u00fcgimeeskonnaga. Kvaliteetsed pakendid otse tootjalt.\" \/>\n<meta name=\"robots\" content=\"index, follow, max-snippet:-1, max-image-preview:large, max-video-preview:-1\" \/>\n<link rel=\"canonical\" href=\"https:\/\/kroonpak.com\/et\/vota-uhendust\/\" \/>\n<meta property=\"og:locale\" content=\"et_EE\" \/>\n<meta property=\"og:type\" content=\"article\" \/>\n<meta property=\"og:title\" content=\"V\u00f5ta \u00fchendust | Kroonpak\" \/>\n<meta property=\"og:description\" content=\"Saada oma teade otse siit, helista v\u00f5i v\u00f5ta e-posti teel \u00fchendust meie m\u00fc\u00fcgimeeskonnaga. Kvaliteetsed pakendid otse tootjalt.\" \/>\n<meta property=\"og:url\" content=\"https:\/\/kroonpak.com\/et\/vota-uhendust\/\" \/>\n<meta property=\"og:site_name\" content=\"Kroonpak\" \/>\n<meta property=\"article:modified_time\" content=\"2025-12-18T12:47:12+00:00\" \/>\n<meta name=\"twitter:card\" content=\"summary_large_image\" \/>\n<meta name=\"twitter:label1\" content=\"Est. reading time\" \/>\n\t<meta name=\"twitter:data1\" content=\"1 minut\" \/>\n<script type=\"application\/ld+json\" class=\"yoast-schema-graph\">{\"@context\":\"https:\\\/\\\/schema.org\",\"@graph\":[{\"@type\":\"WebPage\",\"@id\":\"https:\\\/\\\/kroonpak.com\\\/et\\\/vota-uhendust\\\/\",\"url\":\"https:\\\/\\\/kroonpak.com\\\/et\\\/vota-uhendust\\\/\",\"name\":\"V\u00f5ta \u00fchendust | Kroonpak\",\"isPartOf\":{\"@id\":\"https:\\\/\\\/kroonpak.com\\\/et\\\/#website\"},\"datePublished\":\"2022-09-27T07:40:04+00:00\",\"dateModified\":\"2025-12-18T12:47:12+00:00\",\"description\":\"Saada oma teade otse siit, helista v\u00f5i v\u00f5ta e-posti teel \u00fchendust meie m\u00fc\u00fcgimeeskonnaga. Kvaliteetsed pakendid otse tootjalt.\",\"breadcrumb\":{\"@id\":\"https:\\\/\\\/kroonpak.com\\\/et\\\/vota-uhendust\\\/#breadcrumb\"},\"inLanguage\":\"et\",\"potentialAction\":[{\"@type\":\"ReadAction\",\"target\":[\"https:\\\/\\\/kroonpak.com\\\/et\\\/vota-uhendust\\\/\"]}]},{\"@type\":\"BreadcrumbList\",\"@id\":\"https:\\\/\\\/kroonpak.com\\\/et\\\/vota-uhendust\\\/#breadcrumb\",\"itemListElement\":[{\"@type\":\"ListItem\",\"position\":1,\"name\":\"Home\",\"item\":\"https:\\\/\\\/kroonpak.com\\\/et\\\/\"},{\"@type\":\"ListItem\",\"position\":2,\"name\":\"V\u00f5ta \u00fchendust\"}]},{\"@type\":\"WebSite\",\"@id\":\"https:\\\/\\\/kroonpak.com\\\/et\\\/#website\",\"url\":\"https:\\\/\\\/kroonpak.com\\\/et\\\/\",\"name\":\"Kroonpak\",\"description\":\"\",\"publisher\":{\"@id\":\"https:\\\/\\\/kroonpak.com\\\/et\\\/#organization\"},\"potentialAction\":[{\"@type\":\"SearchAction\",\"target\":{\"@type\":\"EntryPoint\",\"urlTemplate\":\"https:\\\/\\\/kroonpak.com\\\/et\\\/?s={search_term_string}\"},\"query-input\":{\"@type\":\"PropertyValueSpecification\",\"valueRequired\":true,\"valueName\":\"search_term_string\"}}],\"inLanguage\":\"et\"},{\"@type\":\"Organization\",\"@id\":\"https:\\\/\\\/kroonpak.com\\\/et\\\/#organization\",\"name\":\"Kroonpress AS\",\"url\":\"https:\\\/\\\/kroonpak.com\\\/et\\\/\",\"logo\":{\"@type\":\"ImageObject\",\"inLanguage\":\"et\",\"@id\":\"https:\\\/\\\/kroonpak.com\\\/et\\\/#\\\/schema\\\/logo\\\/image\\\/\",\"url\":\"https:\\\/\\\/kroonpak.com\\\/wp-content\\\/uploads\\\/2022\\\/10\\\/kroonpak.jpg\",\"contentUrl\":\"https:\\\/\\\/kroonpak.com\\\/wp-content\\\/uploads\\\/2022\\\/10\\\/kroonpak.jpg\",\"width\":794,\"height\":412,\"caption\":\"Kroonpress AS\"},\"image\":{\"@id\":\"https:\\\/\\\/kroonpak.com\\\/et\\\/#\\\/schema\\\/logo\\\/image\\\/\"}}]}<\/script>\n<!-- \/ Yoast SEO plugin. -->","yoast_head_json":{"title":"V\u00f5ta \u00fchendust | Kroonpak","description":"Saada oma teade otse siit, helista v\u00f5i v\u00f5ta e-posti teel \u00fchendust meie m\u00fc\u00fcgimeeskonnaga. Kvaliteetsed pakendid otse tootjalt.","robots":{"index":"index","follow":"follow","max-snippet":"max-snippet:-1","max-image-preview":"max-image-preview:large","max-video-preview":"max-video-preview:-1"},"canonical":"https:\/\/kroonpak.com\/et\/vota-uhendust\/","og_locale":"et_EE","og_type":"article","og_title":"V\u00f5ta \u00fchendust | Kroonpak","og_description":"Saada oma teade otse siit, helista v\u00f5i v\u00f5ta e-posti teel \u00fchendust meie m\u00fc\u00fcgimeeskonnaga. Kvaliteetsed pakendid otse tootjalt.","og_url":"https:\/\/kroonpak.com\/et\/vota-uhendust\/","og_site_name":"Kroonpak","article_modified_time":"2025-12-18T12:47:12+00:00","twitter_card":"summary_large_image","twitter_misc":{"Est. reading time":"1 minut"},"schema":{"@context":"https:\/\/schema.org","@graph":[{"@type":"WebPage","@id":"https:\/\/kroonpak.com\/et\/vota-uhendust\/","url":"https:\/\/kroonpak.com\/et\/vota-uhendust\/","name":"V\u00f5ta \u00fchendust | Kroonpak","isPartOf":{"@id":"https:\/\/kroonpak.com\/et\/#website"},"datePublished":"2022-09-27T07:40:04+00:00","dateModified":"2025-12-18T12:47:12+00:00","description":"Saada oma teade otse siit, helista v\u00f5i v\u00f5ta e-posti teel \u00fchendust meie m\u00fc\u00fcgimeeskonnaga. Kvaliteetsed pakendid otse tootjalt.","breadcrumb":{"@id":"https:\/\/kroonpak.com\/et\/vota-uhendust\/#breadcrumb"},"inLanguage":"et","potentialAction":[{"@type":"ReadAction","target":["https:\/\/kroonpak.com\/et\/vota-uhendust\/"]}]},{"@type":"BreadcrumbList","@id":"https:\/\/kroonpak.com\/et\/vota-uhendust\/#breadcrumb","itemListElement":[{"@type":"ListItem","position":1,"name":"Home","item":"https:\/\/kroonpak.com\/et\/"},{"@type":"ListItem","position":2,"name":"V\u00f5ta \u00fchendust"}]},{"@type":"WebSite","@id":"https:\/\/kroonpak.com\/et\/#website","url":"https:\/\/kroonpak.com\/et\/","name":"Kroonpak","description":"","publisher":{"@id":"https:\/\/kroonpak.com\/et\/#organization"},"potentialAction":[{"@type":"SearchAction","target":{"@type":"EntryPoint","urlTemplate":"https:\/\/kroonpak.com\/et\/?s={search_term_string}"},"query-input":{"@type":"PropertyValueSpecification","valueRequired":true,"valueName":"search_term_string"}}],"inLanguage":"et"},{"@type":"Organization","@id":"https:\/\/kroonpak.com\/et\/#organization","name":"Kroonpress AS","url":"https:\/\/kroonpak.com\/et\/","logo":{"@type":"ImageObject","inLanguage":"et","@id":"https:\/\/kroonpak.com\/et\/#\/schema\/logo\/image\/","url":"https:\/\/kroonpak.com\/wp-content\/uploads\/2022\/10\/kroonpak.jpg","contentUrl":"https:\/\/kroonpak.com\/wp-content\/uploads\/2022\/10\/kroonpak.jpg","width":794,"height":412,"caption":"Kroonpress AS"},"image":{"@id":"https:\/\/kroonpak.com\/et\/#\/schema\/logo\/image\/"}}]}},"_links":{"self":[{"href":"https:\/\/kroonpak.com\/et\/wp-json\/wp\/v2\/pages\/1403","targetHints":{"allow":["GET"]}}],"collection":[{"href":"https:\/\/kroonpak.com\/et\/wp-json\/wp\/v2\/pages"}],"about":[{"href":"https:\/\/kroonpak.com\/et\/wp-json\/wp\/v2\/types\/page"}],"author":[{"embeddable":true,"href":"https:\/\/kroonpak.com\/et\/wp-json\/wp\/v2\/users\/1"}],"replies":[{"embeddable":true,"href":"https:\/\/kroonpak.com\/et\/wp-json\/wp\/v2\/comments?post=1403"}],"version-history":[{"count":15,"href":"https:\/\/kroonpak.com\/et\/wp-json\/wp\/v2\/pages\/1403\/revisions"}],"predecessor-version":[{"id":4739,"href":"https:\/\/kroonpak.com\/et\/wp-json\/wp\/v2\/pages\/1403\/revisions\/4739"}],"wp:attachment":[{"href":"https:\/\/kroonpak.com\/et\/wp-json\/wp\/v2\/media?parent=1403"}],"curies":[{"name":"wp","href":"https:\/\/api.w.org\/{rel}","templated":true}]}}