{"id":1405,"date":"2022-09-27T17:07:42","date_gmt":"2022-09-27T14:07:42","guid":{"rendered":"https:\/\/kroonpak.com\/privaatsuspoliitika\/"},"modified":"2025-10-02T10:12:00","modified_gmt":"2025-10-02T07:12:00","slug":"privaatsuspoliitika","status":"publish","type":"page","link":"https:\/\/kroonpak.com\/et\/privaatsuspoliitika\/","title":{"rendered":"Privaatsuspoliitika"},"content":{"rendered":"\n<p>Teenust pakkuvat veebisaiti https:\/\/www.kroonpak.com\/ haldab Kroonpress AS.<\/p>\n\n\n\n<p>Selle lehe eesm\u00e4rk on teavitada veebisaidi k\u00fclastajat meie isikuandmete kogumise, kasutamise ja avalikustamise p\u00f5him\u00f5tetest juhul, kui k\u00fclastaja otsustab kasutada veebisaidil www.kroonpak.com pakutavat teenust.<\/p>\n\n\n\n<p>Kui otsustad kasutada meie teenust, n\u00f5ustud Sa isikuandmete kogumise ja kasutamisega koosk\u00f5las selle privaatsuspoliitikaga. Kogutud isikuandmeid kasutatakse teenuse pakkumise ja t\u00e4iustamise eesm\u00e4rgil. Me ei kasuta Sinu andmeid ega jaga neid kellegagi, v\u00e4lja arvatud selles privaatsuspoliitikas kirjeldatud juhtudel.<\/p>\n\n\n\n<div class=\"wp-block-pb-accordion-item c-accordion__item js-accordion-item no-js\" data-initially-open=\"false\" data-click-to-close=\"true\" data-auto-close=\"true\" data-scroll=\"false\" data-scroll-offset=\"0\"><h2 id=\"at-14050\" class=\"c-accordion__title js-accordion-controller\" role=\"button\">Teabe kogumine ja kasutamine <em>Parema kogemuse tagamiseks teenuse kasutamisel<\/em><\/h2><div id=\"ac-14050\" class=\"c-accordion__content\">\n<p>Et v\u00f5imaldada Sulle teenuse kasutamisel parimat kogemust, v\u00f5ime paluda Sul esitada teatavaid isikut tuvastavaid andmeid, sh Sinu nimi, telefoninumber ja postiaadress. Kogutud teavet kasutatakse Sinuga \u00fchenduse v\u00f5tmiseks v\u00f5i Sinu isiku tuvastamiseks. Rakendame k\u00f5iki asjakohaseid tehnilisi ja korralduslikke meetmeid sellisel viisil, et isikuandmete t\u00f6\u00f6tlemine vastab andmekaitset reguleerivates \u00f5igusaktides s\u00e4testatud n\u00f5uetele ja tagamaks andmesubjekti \u00f5iguste kaitse. Meie volitatud t\u00f6\u00f6tleja teeb k\u00f5ik v\u00f5imaliku, et \u00e4ra hoida andmete juhuslik v\u00f5i ebaseaduslik h\u00e4vitamine, kaotsiminek, muutmine, loata avalikustamine v\u00f5i nendele juurdep\u00e4\u00e4su saamine.<\/p>\n<\/div><\/div>\n\n\n\n<div class=\"wp-block-pb-accordion-item c-accordion__item js-accordion-item no-js\" data-initially-open=\"false\" data-click-to-close=\"true\" data-auto-close=\"true\" data-scroll=\"false\" data-scroll-offset=\"0\"><h2 id=\"at-14051\" class=\"c-accordion__title js-accordion-controller\" role=\"button\">E-kirjad &amp; uudiskiri <em>Kui tellid meie uudiskirja, v\u00f5tad meiega \u00fchendust <\/em><\/h2><div id=\"ac-14051\" class=\"c-accordion__content\">\n<p>Kui tellid meie uudiskirja, v\u00f5tad meiega \u00fchendust l\u00e4bi veebilehe v\u00f5i oled suhelnud meie m\u00fc\u00fcgitiimiga (kaasa arvatud juhul, kui oleme ise \u00fchendust v\u00f5tnud), v\u00f5ime kasutada Sinu e-posti aadressi, et jagada tooteuudiseid, klientide kogemuslugusid ja muud kasulikku teavet Kroonpaki pakendilahenduste kohta.<\/p>\n\n\n\n<p>T\u00f6\u00f6tleme andmeid Sinu n\u00f5usoleku alusel (GDPR Art. 6(1)(a)), v\u00f5i kui see on asjakohane, meie \u00f5igustatud huvi alusel hoida \u00e4rikontakte informeerituna (GDPR Art. 6(1)(f)). <\/p>\n\n\n\n<p>Saadame ainult sisu, mis on asjakohane ja seotud Sinu \u00e4ri- v\u00f5i ametialaste huvidega. Sul on alati v\u00f5imalus oma antud n\u00f5usolek tagasi v\u00f5tta, kl\u00f5psates uudiskirjas oleval lingil &#8220;eemalda nimekirjast&#8221; v\u00f5i kirjutades meile aadressil info@kroonpak.com.<\/p>\n\n\n\n<p>Kasutame turvalisi e-posti s\u00fcsteeme ja ei jaga Sinu meiliaadressi kolmandate osapooltega turunduse eesm\u00e4rgil. Sinu andmed salvestatakse turvaliselt ja neid kasutatakse ainult Kroonpakiga seotud suhtluseks.<\/p>\n<\/div><\/div>\n\n\n\n<div class=\"wp-block-pb-accordion-item c-accordion__item js-accordion-item no-js\" data-initially-open=\"false\" data-click-to-close=\"true\" data-auto-close=\"true\" data-scroll=\"false\" data-scroll-offset=\"0\"><h2 id=\"at-14052\" class=\"c-accordion__title js-accordion-controller\" role=\"button\">Logiandmed <em>Teavitame Sind, et alati, kui kasutad meie teenust<\/em><\/h2><div id=\"ac-14052\" class=\"c-accordion__content\">\n<p>Teavitame Sind, et alati, kui kasutad meie teenust, kogume Sinu veebilehitseja saadetud teavet, mida nimetatakse logiandmeteks. Logiandmed v\u00f5ivad sisaldada sellist teavet nagu arvuti internetiprotokolli (IP) aadress, veebilehitseja versioon, meie teenuse lehed, mida oled k\u00fclastanud, k\u00fclastuse aeg ja kuup\u00e4ev, lehtedel veedetud aeg ja muu statistika.<\/p>\n<\/div><\/div>\n\n\n\n<div class=\"wp-block-pb-accordion-item c-accordion__item js-accordion-item no-js\" data-initially-open=\"false\" data-click-to-close=\"true\" data-auto-close=\"true\" data-scroll=\"false\" data-scroll-offset=\"0\"><h2 id=\"at-14053\" class=\"c-accordion__title js-accordion-controller\" role=\"button\">K\u00fcpsised <em>K\u00fcpsised on v\u00e4ikese andmemahuga failid, mis tavaliselt<\/em><\/h2><div id=\"ac-14053\" class=\"c-accordion__content\">\n<p>K\u00fcpsised on v\u00e4ikese andmemahuga failid, mis tavaliselt sisaldavad anon\u00fc\u00fcmset kordumatut tunnust. Need saadetakse k\u00fclastatavalt veebisaidilt Sinu veebilehitsejasse ja salvestatakse arvuti k\u00f5vakettale.<\/p>\n\n\n\n<p>Meie veebisait kasutab k\u00fcpsiseid teabe kogumiseks ja teenuse parandamiseks. Sul on v\u00f5imalus k\u00fcpsistega n\u00f5ustuda v\u00f5i need keelata ja saada teavitus, kui Sinu arvutisse saadetakse k\u00fcpsis. Kui Sa valid k\u00fcpsiste keelamise, ei pruugi Sul olla v\u00f5imalik meie teenuse m\u00f5nda osa kasutada.<\/p>\n<\/div><\/div>\n\n\n\n<div class=\"wp-block-pb-accordion-item c-accordion__item js-accordion-item no-js\" data-initially-open=\"false\" data-click-to-close=\"true\" data-auto-close=\"true\" data-scroll=\"false\" data-scroll-offset=\"0\"><h2 id=\"at-14054\" class=\"c-accordion__title js-accordion-controller\" role=\"button\">Teenusepakkujad <em>V\u00f5ime kasutada kolmandatest osalistest ettev\u00f5tteid ja isikuid<\/em><\/h2><div id=\"ac-14054\" class=\"c-accordion__content\">\n<p>V\u00f5ime kasutada kolmandatest osalistest ettev\u00f5tteid ja isikuid j\u00e4rgmistel p\u00f5hjustel:<\/p>\n\n\n\n<ul class=\"wp-block-list\">\n<li>nad h\u00f5lbustavad meie teenust;<\/li>\n\n\n\n<li>nad osutavad teenust meie eest;<\/li>\n\n\n\n<li>nad osutavad teenusega seotud teenuseid;<\/li>\n\n\n\n<li>nad aitavad meil anal\u00fc\u00fcsida, kuidas meie teenust kasutatakse.<\/li>\n<\/ul>\n\n\n\n<p>Teavitame oma teenuse kasutajaid, et kolmandatel osalistel on juurdep\u00e4\u00e4s Sinu isikuandmetele, et t\u00e4ita meie eest \u00fclesandeid, mille oleme neile m\u00e4\u00e4ranud. Siiski on neil keelatud teavet avaldada v\u00f5i muul eesm\u00e4rgil kasutada.<\/p>\n<\/div><\/div>\n\n\n\n<div class=\"wp-block-pb-accordion-item c-accordion__item js-accordion-item no-js\" data-initially-open=\"false\" data-click-to-close=\"true\" data-auto-close=\"true\" data-scroll=\"false\" data-scroll-offset=\"0\"><h2 id=\"at-14055\" class=\"c-accordion__title js-accordion-controller\" role=\"button\">Turvalisus <em>Hindame v\u00e4ga usaldust, mida oma isikuandmete jagamisega \u00fcles n\u00e4itad<\/em><\/h2><div id=\"ac-14055\" class=\"c-accordion__content\">\n<p>Hindame v\u00e4ga usaldust, mida oma isikuandmete jagamisega \u00fcles n\u00e4itad, ja seet\u00f5ttu p\u00fc\u00fcame andmeid kaitsta kaubanduslikult vastuv\u00f5etaval viisil. Siiski pea meeles, et \u00fckski andmete Interneti kaudu edastamise v\u00f5i elektroonilise salvestamise meetod ei ole 100% turvaline ja usaldusv\u00e4\u00e4rne, mist\u00f5ttu ei saa me tagada t\u00e4ielikku turvalisust.<\/p>\n<\/div><\/div>\n\n\n\n<div class=\"wp-block-pb-accordion-item c-accordion__item js-accordion-item no-js\" data-initially-open=\"false\" data-click-to-close=\"true\" data-auto-close=\"true\" data-scroll=\"false\" data-scroll-offset=\"0\"><h2 id=\"at-14056\" class=\"c-accordion__title js-accordion-controller\" role=\"button\">Lingid muudele saitidele <em>Meie teenus v\u00f5ib h\u00f5lmata linke muudele saitidele<\/em><\/h2><div id=\"ac-14056\" class=\"c-accordion__content\">\n<p>Meie teenus v\u00f5ib h\u00f5lmata linke muudele saitidele. Kui kl\u00f5psad kolmanda osalise lingil, suunatakse Sind sellele saidile. Pane t\u00e4hele, et meie ei halda v\u00e4liseid saite. Seet\u00f5ttu soovitame tungivalt Sul \u00fcle lugeda ka nende veebisaitide privaatsuspoliitika. Meil puudub kolmandate osaliste saitide ja teenuste sisu, privaatsuspoliitika ja tegevuse \u00fcle kontroll ning me ei v\u00f5ta nende eest mitte mingit vastutust.<\/p>\n<\/div><\/div>\n\n\n\n<div class=\"wp-block-pb-accordion-item c-accordion__item js-accordion-item no-js\" data-initially-open=\"false\" data-click-to-close=\"true\" data-auto-close=\"true\" data-scroll=\"false\" data-scroll-offset=\"0\"><h2 id=\"at-14057\" class=\"c-accordion__title js-accordion-controller\" role=\"button\">Muudatused privaatsuspoliitikas <em>V\u00f5ime oma privaatsuspoliitikat aeg-ajalt uuendada<\/em><\/h2><div id=\"ac-14057\" class=\"c-accordion__content\">\n<p>V\u00f5ime oma privaatsuspoliitikat aeg-ajalt uuendada. Seet\u00f5ttu soovitame Sul muudatuste n\u00e4gemiseks seda lehte regulaarselt kontrollida. Teavitame Sind k\u00f5igist muudatustest sellel lehel, avaldades siin muutunud privaatsuspoliitika. Muudatused j\u00f5ustuvad kohe, kui need on sellel lehel avaldatud.<\/p>\n<\/div><\/div>\n\n\n\n<h2 class=\"wp-block-heading\"><\/h2>\n\n\n\n<p>Kui Sul on meie privaatsuspoliitika kohta k\u00fcsimusi v\u00f5i ettepanekuid, v\u00f5ta meiega \u00fchendust aadressil info@kroonpak.com.<\/p>\n\n\n\n<p>Viimati uuendatud: 18.06.2025<\/p>\n\n\n\n<p><\/p>\n","protected":false},"excerpt":{"rendered":"Teenust pakkuvat veebisaiti https:\/\/www.kroonpak.com\/ haldab Kroonpress AS. Selle lehe eesm\u00e4rk on teavitada veebisaidi k\u00fclastajat meie isikuandmete kogumise, kasutamise ja avalikustamise p\u00f5him\u00f5tetest juhul, kui k\u00fclastaja otsustab kasutada veebisaidil www.kroonpak.com pakutavat teenust. Kui otsustad kasutada meie teenust, n\u00f5ustud Sa isikuandmete kogumise ja kasutamisega koosk\u00f5las selle privaatsuspoliitikaga. Kogutud isikuandmeid kasutatakse teenuse pakkumise ja t\u00e4iustamise eesm\u00e4rgil. Me ei kasuta&#8230; <a class=\"view-article\" href=\"https:\/\/kroonpak.com\/et\/privaatsuspoliitika\/\">View Article<\/a>","protected":false},"author":1,"featured_media":0,"parent":0,"menu_order":0,"comment_status":"closed","ping_status":"closed","template":"","meta":{"_acf_changed":false,"footnotes":""},"class_list":["post-1405","page","type-page","status-publish","hentry"],"acf":[],"yoast_head":"<!-- This site is optimized with the Yoast SEO plugin v27.3 - https:\/\/yoast.com\/product\/yoast-seo-wordpress\/ -->\n<title>Privaatsuspoliitika | Kroonpak<\/title>\n<meta name=\"description\" content=\"Loe l\u00e4hemalt meie privaatsuspoliitikat ja kuidas me sinu andmeid kaitseme.\" \/>\n<meta name=\"robots\" content=\"index, follow, max-snippet:-1, max-image-preview:large, max-video-preview:-1\" \/>\n<link rel=\"canonical\" href=\"https:\/\/kroonpak.com\/et\/privaatsuspoliitika\/\" \/>\n<meta property=\"og:locale\" content=\"et_EE\" \/>\n<meta property=\"og:type\" content=\"article\" \/>\n<meta property=\"og:title\" content=\"Privaatsuspoliitika | Kroonpak\" \/>\n<meta property=\"og:description\" content=\"Loe l\u00e4hemalt meie privaatsuspoliitikat ja kuidas me sinu andmeid kaitseme.\" \/>\n<meta property=\"og:url\" content=\"https:\/\/kroonpak.com\/et\/privaatsuspoliitika\/\" \/>\n<meta property=\"og:site_name\" content=\"Kroonpak\" \/>\n<meta property=\"article:modified_time\" content=\"2025-10-02T07:12:00+00:00\" \/>\n<meta name=\"twitter:card\" content=\"summary_large_image\" \/>\n<meta name=\"twitter:label1\" content=\"Est. reading time\" \/>\n\t<meta name=\"twitter:data1\" content=\"3 minutit\" \/>\n<script type=\"application\/ld+json\" class=\"yoast-schema-graph\">{\"@context\":\"https:\\\/\\\/schema.org\",\"@graph\":[{\"@type\":\"WebPage\",\"@id\":\"https:\\\/\\\/kroonpak.com\\\/et\\\/privaatsuspoliitika\\\/\",\"url\":\"https:\\\/\\\/kroonpak.com\\\/et\\\/privaatsuspoliitika\\\/\",\"name\":\"Privaatsuspoliitika | Kroonpak\",\"isPartOf\":{\"@id\":\"https:\\\/\\\/kroonpak.com\\\/et\\\/#website\"},\"datePublished\":\"2022-09-27T14:07:42+00:00\",\"dateModified\":\"2025-10-02T07:12:00+00:00\",\"description\":\"Loe l\u00e4hemalt meie privaatsuspoliitikat ja kuidas me sinu andmeid kaitseme.\",\"breadcrumb\":{\"@id\":\"https:\\\/\\\/kroonpak.com\\\/et\\\/privaatsuspoliitika\\\/#breadcrumb\"},\"inLanguage\":\"et\",\"potentialAction\":[{\"@type\":\"ReadAction\",\"target\":[\"https:\\\/\\\/kroonpak.com\\\/et\\\/privaatsuspoliitika\\\/\"]}]},{\"@type\":\"BreadcrumbList\",\"@id\":\"https:\\\/\\\/kroonpak.com\\\/et\\\/privaatsuspoliitika\\\/#breadcrumb\",\"itemListElement\":[{\"@type\":\"ListItem\",\"position\":1,\"name\":\"Home\",\"item\":\"https:\\\/\\\/kroonpak.com\\\/et\\\/\"},{\"@type\":\"ListItem\",\"position\":2,\"name\":\"Privaatsuspoliitika\"}]},{\"@type\":\"WebSite\",\"@id\":\"https:\\\/\\\/kroonpak.com\\\/et\\\/#website\",\"url\":\"https:\\\/\\\/kroonpak.com\\\/et\\\/\",\"name\":\"Kroonpak\",\"description\":\"\",\"publisher\":{\"@id\":\"https:\\\/\\\/kroonpak.com\\\/et\\\/#organization\"},\"potentialAction\":[{\"@type\":\"SearchAction\",\"target\":{\"@type\":\"EntryPoint\",\"urlTemplate\":\"https:\\\/\\\/kroonpak.com\\\/et\\\/?s={search_term_string}\"},\"query-input\":{\"@type\":\"PropertyValueSpecification\",\"valueRequired\":true,\"valueName\":\"search_term_string\"}}],\"inLanguage\":\"et\"},{\"@type\":\"Organization\",\"@id\":\"https:\\\/\\\/kroonpak.com\\\/et\\\/#organization\",\"name\":\"Kroonpress AS\",\"url\":\"https:\\\/\\\/kroonpak.com\\\/et\\\/\",\"logo\":{\"@type\":\"ImageObject\",\"inLanguage\":\"et\",\"@id\":\"https:\\\/\\\/kroonpak.com\\\/et\\\/#\\\/schema\\\/logo\\\/image\\\/\",\"url\":\"https:\\\/\\\/kroonpak.com\\\/wp-content\\\/uploads\\\/2022\\\/10\\\/kroonpak.jpg\",\"contentUrl\":\"https:\\\/\\\/kroonpak.com\\\/wp-content\\\/uploads\\\/2022\\\/10\\\/kroonpak.jpg\",\"width\":794,\"height\":412,\"caption\":\"Kroonpress AS\"},\"image\":{\"@id\":\"https:\\\/\\\/kroonpak.com\\\/et\\\/#\\\/schema\\\/logo\\\/image\\\/\"}}]}<\/script>\n<!-- \/ Yoast SEO plugin. -->","yoast_head_json":{"title":"Privaatsuspoliitika | Kroonpak","description":"Loe l\u00e4hemalt meie privaatsuspoliitikat ja kuidas me sinu andmeid kaitseme.","robots":{"index":"index","follow":"follow","max-snippet":"max-snippet:-1","max-image-preview":"max-image-preview:large","max-video-preview":"max-video-preview:-1"},"canonical":"https:\/\/kroonpak.com\/et\/privaatsuspoliitika\/","og_locale":"et_EE","og_type":"article","og_title":"Privaatsuspoliitika | Kroonpak","og_description":"Loe l\u00e4hemalt meie privaatsuspoliitikat ja kuidas me sinu andmeid kaitseme.","og_url":"https:\/\/kroonpak.com\/et\/privaatsuspoliitika\/","og_site_name":"Kroonpak","article_modified_time":"2025-10-02T07:12:00+00:00","twitter_card":"summary_large_image","twitter_misc":{"Est. reading time":"3 minutit"},"schema":{"@context":"https:\/\/schema.org","@graph":[{"@type":"WebPage","@id":"https:\/\/kroonpak.com\/et\/privaatsuspoliitika\/","url":"https:\/\/kroonpak.com\/et\/privaatsuspoliitika\/","name":"Privaatsuspoliitika | Kroonpak","isPartOf":{"@id":"https:\/\/kroonpak.com\/et\/#website"},"datePublished":"2022-09-27T14:07:42+00:00","dateModified":"2025-10-02T07:12:00+00:00","description":"Loe l\u00e4hemalt meie privaatsuspoliitikat ja kuidas me sinu andmeid kaitseme.","breadcrumb":{"@id":"https:\/\/kroonpak.com\/et\/privaatsuspoliitika\/#breadcrumb"},"inLanguage":"et","potentialAction":[{"@type":"ReadAction","target":["https:\/\/kroonpak.com\/et\/privaatsuspoliitika\/"]}]},{"@type":"BreadcrumbList","@id":"https:\/\/kroonpak.com\/et\/privaatsuspoliitika\/#breadcrumb","itemListElement":[{"@type":"ListItem","position":1,"name":"Home","item":"https:\/\/kroonpak.com\/et\/"},{"@type":"ListItem","position":2,"name":"Privaatsuspoliitika"}]},{"@type":"WebSite","@id":"https:\/\/kroonpak.com\/et\/#website","url":"https:\/\/kroonpak.com\/et\/","name":"Kroonpak","description":"","publisher":{"@id":"https:\/\/kroonpak.com\/et\/#organization"},"potentialAction":[{"@type":"SearchAction","target":{"@type":"EntryPoint","urlTemplate":"https:\/\/kroonpak.com\/et\/?s={search_term_string}"},"query-input":{"@type":"PropertyValueSpecification","valueRequired":true,"valueName":"search_term_string"}}],"inLanguage":"et"},{"@type":"Organization","@id":"https:\/\/kroonpak.com\/et\/#organization","name":"Kroonpress AS","url":"https:\/\/kroonpak.com\/et\/","logo":{"@type":"ImageObject","inLanguage":"et","@id":"https:\/\/kroonpak.com\/et\/#\/schema\/logo\/image\/","url":"https:\/\/kroonpak.com\/wp-content\/uploads\/2022\/10\/kroonpak.jpg","contentUrl":"https:\/\/kroonpak.com\/wp-content\/uploads\/2022\/10\/kroonpak.jpg","width":794,"height":412,"caption":"Kroonpress AS"},"image":{"@id":"https:\/\/kroonpak.com\/et\/#\/schema\/logo\/image\/"}}]}},"_links":{"self":[{"href":"https:\/\/kroonpak.com\/et\/wp-json\/wp\/v2\/pages\/1405","targetHints":{"allow":["GET"]}}],"collection":[{"href":"https:\/\/kroonpak.com\/et\/wp-json\/wp\/v2\/pages"}],"about":[{"href":"https:\/\/kroonpak.com\/et\/wp-json\/wp\/v2\/types\/page"}],"author":[{"embeddable":true,"href":"https:\/\/kroonpak.com\/et\/wp-json\/wp\/v2\/users\/1"}],"replies":[{"embeddable":true,"href":"https:\/\/kroonpak.com\/et\/wp-json\/wp\/v2\/comments?post=1405"}],"version-history":[{"count":8,"href":"https:\/\/kroonpak.com\/et\/wp-json\/wp\/v2\/pages\/1405\/revisions"}],"predecessor-version":[{"id":4635,"href":"https:\/\/kroonpak.com\/et\/wp-json\/wp\/v2\/pages\/1405\/revisions\/4635"}],"wp:attachment":[{"href":"https:\/\/kroonpak.com\/et\/wp-json\/wp\/v2\/media?parent=1405"}],"curies":[{"name":"wp","href":"https:\/\/api.w.org\/{rel}","templated":true}]}}