{"id":1410,"date":"2022-10-18T10:47:46","date_gmt":"2022-10-18T07:47:46","guid":{"rendered":"https:\/\/kroonpak.com\/kroonpakist\/kroonpress-as-i-keskkonnapoliitika\/"},"modified":"2023-02-28T11:02:48","modified_gmt":"2023-02-28T08:02:48","slug":"kroonpress-as-i-keskkonnapoliitika","status":"publish","type":"page","link":"https:\/\/kroonpak.com\/et\/kroonpakist\/kroonpress-as-i-keskkonnapoliitika\/","title":{"rendered":"Kroonpress AS-i keskkonnapoliitika"},"content":{"rendered":"\n<p>Meie kvaliteedijuhtimiss\u00fcsteem vastab ISO 9001 standardile.<br\/>100% meie ostetud energiast p\u00e4rineb taastuvatest energiaallikatest. Kroonpak on pakendite tootmisega tegelev Kroonpressi tootmis\u00fcksus ja j\u00e4rgib ettev\u00f5tte \u00fcldist keskkonnapoliitikat. Kroonpress AS kohustub tegema j\u00e4rgmist:<\/p>\n\n<ul class=\"wp-block-list\"><li>J\u00e4rgima keskkonna pideva parendamise p\u00f5him\u00f5tteid, mis seisnevad tegevuse keskkonnam\u00f5ju regulaarses hindamises ning oluliste kahjulike tegurite keskkonnam\u00f5ju v\u00e4hendamises ja ennetamises.<\/li><li>Kasutama k\u00f5iki oma k\u00e4sutuses olevaid ennetusmeetmeid, et v\u00e4ltida v\u00f5i v\u00e4hendada reostuse ja v\u00f5imalike \u00f5nnetuste ohtu.<\/li><li>Hindama k\u00f5ikide kavandatavate uute tehnoloogiate, seadmete v\u00f5i materjalide v\u00f5imalikku keskkonnam\u00f5ju v\u00f5rdselt selliste teguritega nagu hind, tasuvus v\u00f5i tootlikkus.<\/li><li>Juhinduma tegevuses taaskasutamise p\u00f5him\u00f5ttest ning eelistama energias\u00e4\u00e4stlike t\u00f6\u00f6protsesside ja keskkonnas\u00f5braliku tehnoloogia kasutamist. Kui tooted on hinna, kvaliteedi ja funktsionaalsuse poolest v\u00f5rdsed, siis eelistama k\u00f5ige keskkonnas\u00f5bralikumat toodet.<\/li><li>J\u00e4rgima kehtivaid seadusi, direktiive ja m\u00e4\u00e4rusi, mis n\u00e4evad ette lubade hankimist, ning juhinduma ka muudest keskkonnak\u00fcsimusi reguleerivatest dokumentidest.<\/li><li>T\u00f6\u00f6tama v\u00e4lja tooted ja tootmisviisid, mille puhul v\u00e4hendatakse keskkonnale avalduvat koormust, v\u00e4lditakse v\u00f5i v\u00e4hendatakse reostust ja kasutatakse ressursse s\u00e4\u00e4stlikult.<\/li><li>Koolitama oma t\u00f6\u00f6tajaid nii, et nad m\u00f5istaksid, milline on nende t\u00f6\u00f6 m\u00f5ju keskkonnale, ning suhtuksid keskkonda ja kaast\u00f6\u00f6tajatesse vastutustundlikult.<\/li><li>Pidama avatud ja usaldusv\u00e4\u00e4rset teabevahetust \u00fcmberkaudsete elanike, ametiasutuste ja muude asjakohaste r\u00fchmadega.<\/li><li>Tegema koost\u00f6\u00f6d teiste ettev\u00f5tete ja organisatsioonidega ning sealjuures tagama, et Kroonpress AS-il oleks v\u00f5imalik saavutada oma eesm\u00e4rke ja kaitsta keskkonnas\u00f5bralikku eluviisi.<\/li><li>Tagama, et k\u00f5igi t\u00f6\u00f6tajate \u00fchine eesm\u00e4rk oleks luua hea t\u00f6\u00f6keskkond ja seda hoida. Meie eesm\u00e4rk on ennetada terviseh\u00e4ireid ja t\u00f6\u00f6\u00f5nnetusi ning luua meeldiv t\u00f6\u00f6keskkond. Lisaks vastutab iga t\u00f6\u00f6taja t\u00f6\u00f6koha turvalisuse ja oma kaast\u00f6\u00f6tajate tervise eest.<\/li><li>Tegema Kroonpress AS-i keskkonnapoliitika Kroonpress AS-i veebisaitidel avalikult n\u00e4htavaks. Kroonpress teavitab oma partnereid ettev\u00f5tte keskkonnapoliitikast ja -eesm\u00e4rkidest.<\/li><li>Kroonpress tagab keskkonnapoliitika ja keskkonnajuhtimise kava rakendamiseks vajalike ressursside saadavuse ning lisab need oma aastaeelarvesse.<\/li><li>Kroonpress viib l\u00e4bi koolitusi, mis teavitavad t\u00f6\u00f6tajaid Kroonpressi keskkonnapoliitikast.<\/li><\/ul>\n","protected":false},"excerpt":{"rendered":"Meie kvaliteedijuhtimiss\u00fcsteem vastab ISO 9001 standardile.100% meie ostetud energiast p\u00e4rineb taastuvatest energiaallikatest. Kroonpak on pakendite tootmisega tegelev Kroonpressi tootmis\u00fcksus ja j\u00e4rgib ettev\u00f5tte \u00fcldist keskkonnapoliitikat. Kroonpress AS kohustub tegema j\u00e4rgmist: J\u00e4rgima keskkonna pideva parendamise p\u00f5him\u00f5tteid, mis seisnevad tegevuse keskkonnam\u00f5ju regulaarses hindamises ning oluliste kahjulike tegurite keskkonnam\u00f5ju v\u00e4hendamises ja ennetamises. Kasutama k\u00f5iki oma k\u00e4sutuses olevaid ennetusmeetmeid, et&#8230; <a class=\"view-article\" href=\"https:\/\/kroonpak.com\/et\/kroonpakist\/kroonpress-as-i-keskkonnapoliitika\/\">View Article<\/a>","protected":false},"author":1,"featured_media":0,"parent":1401,"menu_order":0,"comment_status":"closed","ping_status":"closed","template":"","meta":{"_acf_changed":false,"footnotes":""},"class_list":["post-1410","page","type-page","status-publish","hentry"],"acf":[],"yoast_head":"<!-- This site is optimized with the Yoast SEO plugin v27.3 - https:\/\/yoast.com\/product\/yoast-seo-wordpress\/ -->\n<title>Kroonpress AS-i keskkonnapoliitika | Kroonpak<\/title>\n<meta name=\"robots\" content=\"index, follow, max-snippet:-1, max-image-preview:large, max-video-preview:-1\" \/>\n<link rel=\"canonical\" href=\"https:\/\/kroonpak.com\/et\/kroonpakist\/kroonpress-as-i-keskkonnapoliitika\/\" \/>\n<meta property=\"og:locale\" content=\"et_EE\" \/>\n<meta property=\"og:type\" content=\"article\" \/>\n<meta property=\"og:title\" content=\"Kroonpress AS-i keskkonnapoliitika | Kroonpak\" \/>\n<meta property=\"og:description\" content=\"Meie kvaliteedijuhtimiss\u00fcsteem vastab ISO 9001 standardile.100% meie ostetud energiast p\u00e4rineb taastuvatest energiaallikatest. Kroonpak on pakendite tootmisega tegelev Kroonpressi tootmis\u00fcksus ja j\u00e4rgib ettev\u00f5tte \u00fcldist keskkonnapoliitikat. Kroonpress AS kohustub tegema j\u00e4rgmist: J\u00e4rgima keskkonna pideva parendamise p\u00f5him\u00f5tteid, mis seisnevad tegevuse keskkonnam\u00f5ju regulaarses hindamises ning oluliste kahjulike tegurite keskkonnam\u00f5ju v\u00e4hendamises ja ennetamises. Kasutama k\u00f5iki oma k\u00e4sutuses olevaid ennetusmeetmeid, et... View Article\" \/>\n<meta property=\"og:url\" content=\"https:\/\/kroonpak.com\/et\/kroonpakist\/kroonpress-as-i-keskkonnapoliitika\/\" \/>\n<meta property=\"og:site_name\" content=\"Kroonpak\" \/>\n<meta property=\"article:modified_time\" content=\"2023-02-28T08:02:48+00:00\" \/>\n<meta name=\"twitter:card\" content=\"summary_large_image\" \/>\n<meta name=\"twitter:label1\" content=\"Est. reading time\" \/>\n\t<meta name=\"twitter:data1\" content=\"2 minutit\" \/>\n<script type=\"application\/ld+json\" class=\"yoast-schema-graph\">{\"@context\":\"https:\\\/\\\/schema.org\",\"@graph\":[{\"@type\":\"WebPage\",\"@id\":\"https:\\\/\\\/kroonpak.com\\\/et\\\/kroonpakist\\\/kroonpress-as-i-keskkonnapoliitika\\\/\",\"url\":\"https:\\\/\\\/kroonpak.com\\\/et\\\/kroonpakist\\\/kroonpress-as-i-keskkonnapoliitika\\\/\",\"name\":\"Kroonpress AS-i keskkonnapoliitika | Kroonpak\",\"isPartOf\":{\"@id\":\"https:\\\/\\\/kroonpak.com\\\/et\\\/#website\"},\"datePublished\":\"2022-10-18T07:47:46+00:00\",\"dateModified\":\"2023-02-28T08:02:48+00:00\",\"breadcrumb\":{\"@id\":\"https:\\\/\\\/kroonpak.com\\\/et\\\/kroonpakist\\\/kroonpress-as-i-keskkonnapoliitika\\\/#breadcrumb\"},\"inLanguage\":\"et\",\"potentialAction\":[{\"@type\":\"ReadAction\",\"target\":[\"https:\\\/\\\/kroonpak.com\\\/et\\\/kroonpakist\\\/kroonpress-as-i-keskkonnapoliitika\\\/\"]}]},{\"@type\":\"BreadcrumbList\",\"@id\":\"https:\\\/\\\/kroonpak.com\\\/et\\\/kroonpakist\\\/kroonpress-as-i-keskkonnapoliitika\\\/#breadcrumb\",\"itemListElement\":[{\"@type\":\"ListItem\",\"position\":1,\"name\":\"Home\",\"item\":\"https:\\\/\\\/kroonpak.com\\\/et\\\/\"},{\"@type\":\"ListItem\",\"position\":2,\"name\":\"Kroonpakist\",\"item\":\"https:\\\/\\\/kroonpak.com\\\/et\\\/about-kroonpak\\\/\"},{\"@type\":\"ListItem\",\"position\":3,\"name\":\"Kroonpress AS-i keskkonnapoliitika\"}]},{\"@type\":\"WebSite\",\"@id\":\"https:\\\/\\\/kroonpak.com\\\/et\\\/#website\",\"url\":\"https:\\\/\\\/kroonpak.com\\\/et\\\/\",\"name\":\"Kroonpak\",\"description\":\"\",\"publisher\":{\"@id\":\"https:\\\/\\\/kroonpak.com\\\/et\\\/#organization\"},\"potentialAction\":[{\"@type\":\"SearchAction\",\"target\":{\"@type\":\"EntryPoint\",\"urlTemplate\":\"https:\\\/\\\/kroonpak.com\\\/et\\\/?s={search_term_string}\"},\"query-input\":{\"@type\":\"PropertyValueSpecification\",\"valueRequired\":true,\"valueName\":\"search_term_string\"}}],\"inLanguage\":\"et\"},{\"@type\":\"Organization\",\"@id\":\"https:\\\/\\\/kroonpak.com\\\/et\\\/#organization\",\"name\":\"Kroonpress AS\",\"url\":\"https:\\\/\\\/kroonpak.com\\\/et\\\/\",\"logo\":{\"@type\":\"ImageObject\",\"inLanguage\":\"et\",\"@id\":\"https:\\\/\\\/kroonpak.com\\\/et\\\/#\\\/schema\\\/logo\\\/image\\\/\",\"url\":\"https:\\\/\\\/kroonpak.com\\\/wp-content\\\/uploads\\\/2022\\\/10\\\/kroonpak.jpg\",\"contentUrl\":\"https:\\\/\\\/kroonpak.com\\\/wp-content\\\/uploads\\\/2022\\\/10\\\/kroonpak.jpg\",\"width\":794,\"height\":412,\"caption\":\"Kroonpress AS\"},\"image\":{\"@id\":\"https:\\\/\\\/kroonpak.com\\\/et\\\/#\\\/schema\\\/logo\\\/image\\\/\"}}]}<\/script>\n<!-- \/ Yoast SEO plugin. -->","yoast_head_json":{"title":"Kroonpress AS-i keskkonnapoliitika | Kroonpak","robots":{"index":"index","follow":"follow","max-snippet":"max-snippet:-1","max-image-preview":"max-image-preview:large","max-video-preview":"max-video-preview:-1"},"canonical":"https:\/\/kroonpak.com\/et\/kroonpakist\/kroonpress-as-i-keskkonnapoliitika\/","og_locale":"et_EE","og_type":"article","og_title":"Kroonpress AS-i keskkonnapoliitika | Kroonpak","og_description":"Meie kvaliteedijuhtimiss\u00fcsteem vastab ISO 9001 standardile.100% meie ostetud energiast p\u00e4rineb taastuvatest energiaallikatest. Kroonpak on pakendite tootmisega tegelev Kroonpressi tootmis\u00fcksus ja j\u00e4rgib ettev\u00f5tte \u00fcldist keskkonnapoliitikat. Kroonpress AS kohustub tegema j\u00e4rgmist: J\u00e4rgima keskkonna pideva parendamise p\u00f5him\u00f5tteid, mis seisnevad tegevuse keskkonnam\u00f5ju regulaarses hindamises ning oluliste kahjulike tegurite keskkonnam\u00f5ju v\u00e4hendamises ja ennetamises. Kasutama k\u00f5iki oma k\u00e4sutuses olevaid ennetusmeetmeid, et... View Article","og_url":"https:\/\/kroonpak.com\/et\/kroonpakist\/kroonpress-as-i-keskkonnapoliitika\/","og_site_name":"Kroonpak","article_modified_time":"2023-02-28T08:02:48+00:00","twitter_card":"summary_large_image","twitter_misc":{"Est. reading time":"2 minutit"},"schema":{"@context":"https:\/\/schema.org","@graph":[{"@type":"WebPage","@id":"https:\/\/kroonpak.com\/et\/kroonpakist\/kroonpress-as-i-keskkonnapoliitika\/","url":"https:\/\/kroonpak.com\/et\/kroonpakist\/kroonpress-as-i-keskkonnapoliitika\/","name":"Kroonpress AS-i keskkonnapoliitika | Kroonpak","isPartOf":{"@id":"https:\/\/kroonpak.com\/et\/#website"},"datePublished":"2022-10-18T07:47:46+00:00","dateModified":"2023-02-28T08:02:48+00:00","breadcrumb":{"@id":"https:\/\/kroonpak.com\/et\/kroonpakist\/kroonpress-as-i-keskkonnapoliitika\/#breadcrumb"},"inLanguage":"et","potentialAction":[{"@type":"ReadAction","target":["https:\/\/kroonpak.com\/et\/kroonpakist\/kroonpress-as-i-keskkonnapoliitika\/"]}]},{"@type":"BreadcrumbList","@id":"https:\/\/kroonpak.com\/et\/kroonpakist\/kroonpress-as-i-keskkonnapoliitika\/#breadcrumb","itemListElement":[{"@type":"ListItem","position":1,"name":"Home","item":"https:\/\/kroonpak.com\/et\/"},{"@type":"ListItem","position":2,"name":"Kroonpakist","item":"https:\/\/kroonpak.com\/et\/about-kroonpak\/"},{"@type":"ListItem","position":3,"name":"Kroonpress AS-i keskkonnapoliitika"}]},{"@type":"WebSite","@id":"https:\/\/kroonpak.com\/et\/#website","url":"https:\/\/kroonpak.com\/et\/","name":"Kroonpak","description":"","publisher":{"@id":"https:\/\/kroonpak.com\/et\/#organization"},"potentialAction":[{"@type":"SearchAction","target":{"@type":"EntryPoint","urlTemplate":"https:\/\/kroonpak.com\/et\/?s={search_term_string}"},"query-input":{"@type":"PropertyValueSpecification","valueRequired":true,"valueName":"search_term_string"}}],"inLanguage":"et"},{"@type":"Organization","@id":"https:\/\/kroonpak.com\/et\/#organization","name":"Kroonpress AS","url":"https:\/\/kroonpak.com\/et\/","logo":{"@type":"ImageObject","inLanguage":"et","@id":"https:\/\/kroonpak.com\/et\/#\/schema\/logo\/image\/","url":"https:\/\/kroonpak.com\/wp-content\/uploads\/2022\/10\/kroonpak.jpg","contentUrl":"https:\/\/kroonpak.com\/wp-content\/uploads\/2022\/10\/kroonpak.jpg","width":794,"height":412,"caption":"Kroonpress AS"},"image":{"@id":"https:\/\/kroonpak.com\/et\/#\/schema\/logo\/image\/"}}]}},"_links":{"self":[{"href":"https:\/\/kroonpak.com\/et\/wp-json\/wp\/v2\/pages\/1410","targetHints":{"allow":["GET"]}}],"collection":[{"href":"https:\/\/kroonpak.com\/et\/wp-json\/wp\/v2\/pages"}],"about":[{"href":"https:\/\/kroonpak.com\/et\/wp-json\/wp\/v2\/types\/page"}],"author":[{"embeddable":true,"href":"https:\/\/kroonpak.com\/et\/wp-json\/wp\/v2\/users\/1"}],"replies":[{"embeddable":true,"href":"https:\/\/kroonpak.com\/et\/wp-json\/wp\/v2\/comments?post=1410"}],"version-history":[{"count":1,"href":"https:\/\/kroonpak.com\/et\/wp-json\/wp\/v2\/pages\/1410\/revisions"}],"predecessor-version":[{"id":1411,"href":"https:\/\/kroonpak.com\/et\/wp-json\/wp\/v2\/pages\/1410\/revisions\/1411"}],"up":[{"embeddable":true,"href":"https:\/\/kroonpak.com\/et\/wp-json\/wp\/v2\/pages\/1401"}],"wp:attachment":[{"href":"https:\/\/kroonpak.com\/et\/wp-json\/wp\/v2\/media?parent=1410"}],"curies":[{"name":"wp","href":"https:\/\/api.w.org\/{rel}","templated":true}]}}