{"id":1747,"date":"2022-09-27T17:14:43","date_gmt":"2022-09-27T14:14:43","guid":{"rendered":"https:\/\/kroonpak.com\/?page_id=1747"},"modified":"2023-05-04T11:02:35","modified_gmt":"2023-05-04T08:02:35","slug":"kupsiste-kasutamise-pohimotted","status":"publish","type":"page","link":"https:\/\/kroonpak.com\/et\/kupsiste-kasutamise-pohimotted\/","title":{"rendered":"K\u00fcpsiste kasutamise p\u00f5him\u00f5tted"},"content":{"rendered":"\n<p>K\u00fcpsiste kasutamise p\u00f5him\u00f5tetes on selgitatud, mis on k\u00fcpsised ja kuidas me neid kasutame. Loe k\u00fcpsiste kasutamise p\u00f5him\u00f5tteid, et saada aru, mis t\u00fc\u00fcpi k\u00fcpsiseid me kasutame, millist teavet k\u00fcpsiste abil kogume ja kuidas seda teavet kasutatakse.<\/p>\n\n\n\n<p>K\u00fcpsised ei sisalda tavaliselt teavet, mis kasutajat isiklikult tuvastaks, kuid isikuandmed, mida me Sinu kohta salvestame, v\u00f5ivad olla seotud k\u00fcpsistesse salvestatud ja nendest saadud teabega. Lisateavet selle kohta, kuidas me Sinu isikuandmeid kasutame ja salvestame ning kuidas me nende turvalisuse tagame, leiad <a href=\"https:\/\/kroonpak.com\/et\/privaatsuspoliitika\/\">privaatsuspoliitika<\/a> alt.<\/p>\n\n\n\n<p>Me ei salvesta k\u00fcpsistesse tundlikke isikuandmeid nagu postiaadressid, konto paroolid jne.<\/p>\n\n\n\n<div class=\"wp-block-pb-accordion-item c-accordion__item js-accordion-item no-js\" data-initially-open=\"false\" data-click-to-close=\"true\" data-auto-close=\"true\" data-scroll=\"false\" data-scroll-offset=\"0\"><h2 id=\"at-17470\" class=\"c-accordion__title js-accordion-controller\" role=\"button\"><strong>T\u00f5lgendamine<\/strong> <em>Privaatsuspoliitikas kasutatud terminid<\/em><\/h2><div id=\"ac-17470\" class=\"c-accordion__content\">\n<p>Privaatsuspoliitikas kasutatud terminid on m\u00e4\u00e4ratletud allpool. Terminitel on sama t\u00e4hendus olenemata sellest, kas need on ainsuses v\u00f5i mitmuses.<\/p>\n<\/div><\/div>\n\n\n\n<div class=\"wp-block-pb-accordion-item c-accordion__item js-accordion-item no-js\" data-initially-open=\"false\" data-click-to-close=\"true\" data-auto-close=\"true\" data-scroll=\"false\" data-scroll-offset=\"0\"><h2 id=\"at-17471\" class=\"c-accordion__title js-accordion-controller\" role=\"button\"><strong>M\u00f5isted<\/strong> <em>K\u00fcpsiste kasutamise p\u00f5him\u00f5tetes:<\/em><\/h2><div id=\"ac-17471\" class=\"c-accordion__content\">\n<p>K\u00fcpsiste kasutamise p\u00f5him\u00f5tetes:<\/p>\n\n\n\n<p>\u00b7&nbsp;&nbsp; <strong>Ettev\u00f5te <\/strong>(k\u00fcpsiste kasutamise p\u00f5him\u00f5tetes viidatud kui \u201eettev\u00f5te\u201c, \u201eme\u201c, \u201emeie\u201c, \u201emeid\u201c, \u201emeil\u201c v\u00f5i \u201emeile\u201c) viitab Kroonpress AS-ile, T\u00e4he 133, 50107 Tartu.<\/p>\n\n\n\n<p>\u00b7&nbsp;&nbsp; <strong>K\u00fcpsised<\/strong> on v\u00e4ikesed failid, mille veebisait paigutab Sinu arvutisse, mobiili v\u00f5i muusse seadmesse ning mis sisaldavad muu hulgas ka \u00fcksikasju Sinu sirvimisajaloo kohta sellel veebisaidil.<\/p>\n\n\n\n<p>\u00b7&nbsp;&nbsp; <strong>Veebisait <\/strong>viitab Kroonpress AS-i pakendiosakonna Kroonpaki veebisaidile, mis on leitav aadressil www.kroonpak.com.<\/p>\n\n\n\n<p>\u00b7&nbsp;&nbsp; <strong>Sina <\/strong>t\u00e4hendab olenevalt olukorrast kas veebisaiti k\u00fclastavat v\u00f5i kasutavat isikut v\u00f5i ettev\u00f5tet v\u00f5i mis tahes juriidilist isikut, mille nimel niisugune isik veebisaiti k\u00fclastab v\u00f5i kasutab.<\/p>\n<\/div><\/div>\n\n\n\n<div class=\"wp-block-pb-accordion-item c-accordion__item js-accordion-item no-js\" data-initially-open=\"false\" data-click-to-close=\"true\" data-auto-close=\"true\" data-scroll=\"false\" data-scroll-offset=\"0\"><h2 id=\"at-17472\" class=\"c-accordion__title js-accordion-controller\" role=\"button\"><strong>Kasutatavate k\u00fcpsiste t\u00fc\u00fcbid<\/strong> <em>V\u00f5ime kasutada kas p\u00fcsi- v\u00f5i sessioonik\u00fcpsiseid.<\/em><\/h2><div id=\"ac-17472\" class=\"c-accordion__content\">\n<p>V\u00f5ime kasutada kas p\u00fcsi- v\u00f5i sessioonik\u00fcpsiseid. P\u00fcsik\u00fcpsised j\u00e4\u00e4vad Sinu isiklikku arvutisse v\u00f5i mobiiliseadmesse ka siis, kui oled v\u00f5rgust v\u00e4ljas, samas kui seansik\u00fcpsised kustutatakse niipea, kui sulged veebibrauseri.<\/p>\n\n\n\n<p>Me kasutame nii sessiooni- kui ka p\u00fcsik\u00fcpsiseid alltoodud eesm\u00e4rkidel:<\/p>\n\n\n\n<p><span style=\"text-decoration: underline;\">Vajalikud\/olulised k\u00fcpsised<\/span><br>T\u00fc\u00fcp: Sessioonik\u00fcpsised<br>Haldab: Meie<br>Eesm\u00e4rk: Need k\u00fcpsised on olulised, et pakkuda Sulle veebisaidi kaudu saadaolevaid teenuseid ja v\u00f5imaldada Sul kasutada selle m\u00f5ningaid funktsioone. Nad aitavad kasutajaid autentida ja takistavad kasutajakontode petturlikku kasutamist. Ilma nende k\u00fcpsisteta ei saa Sulle soovitud teenuseid pakkuda. Kasutame neid k\u00fcpsiseid \u00fcksnes selleks, et Sulle soovitud teenuseid pakkuda.<\/p>\n\n\n\n<p><span style=\"text-decoration: underline;\">K\u00fcpsiste kasutamise p\u00f5him\u00f5tted \/ Teade k\u00fcpsistega n\u00f5ustumise kohta<\/span><br>T\u00fc\u00fcp: P\u00fcsik\u00fcpsised<br>Haldab: Meie<br>Eesm\u00e4rk: Need k\u00fcpsised tuvastavad, kas kasutajad on veebisaidil k\u00fcpsiste kasutamisega n\u00f5ustunud.<\/p>\n\n\n\n<p><span style=\"text-decoration: underline;\">Funktsionaalsed k\u00fcpsised<\/span><br>T\u00fc\u00fcp: P\u00fcsik\u00fcpsised<br>Haldab: Meie<br>Eesm\u00e4rk: Need k\u00fcpsised aitavad meil meeles pidada valikuid, mille oled veebisaidi kasutamisel teinud, nagu sisselogimise andmed v\u00f5i keele-eelistus. Nende k\u00fcpsiste eesm\u00e4rk on pakkuda Sulle personaalsemat kogemust ja v\u00e4ltida seda, et peaksid oma eelistused uuesti sisestama iga kord, kui veebisaiti kasutad.<\/p>\n\n\n\n<p><span style=\"text-decoration: underline;\">J\u00e4lgimis- ja j\u00f5udlusk\u00fcpsised<\/span><br>T\u00fc\u00fcp: P\u00fcsik\u00fcpsised<br>Haldab: Kolmandad osapooled<br>Eesm\u00e4rk: Neid k\u00fcpsiseid kasutatakse selleks, et j\u00e4lgida teavet veebisaidi liikluse kohta ja selle kohta, kuidas kasutajad veebisaiti kasutavad. Nende k\u00fcpsistega kogutud teabe kaudu saab Sind otseselt v\u00f5i kaudselt konkreetse k\u00fclastajana tuvastada. Seda seet\u00f5ttu, et kogutud teave on tavaliselt seotud pseudon\u00fc\u00fcmse tunnusega, mis on omakorda seotud seadmega, mida Sa veebisaidi k\u00fclastamiseks kasutad. Samuti v\u00f5ime kasutada neid k\u00fcpsiseid veebisaidi uute lehtede, omaduste v\u00f5i funktsioonide katsetamiseks, et n\u00e4ha, kuidas kasutajad neile reageerivad.<\/p>\n\n\n\n<p><span style=\"text-decoration: underline;\">Sihtimis- ja reklaamik\u00fcpsised<\/span><br>T\u00fc\u00fcp: P\u00fcsik\u00fcpsised<br>Haldab: Kolmandad osapooled<br>Eesm\u00e4rk: Need k\u00fcpsised j\u00e4lgivad Sinu sirvimisharjumusi, et saaksime n\u00e4idata reklaame, mis Sind t\u00f5en\u00e4oliselt huvitavad. K\u00fcpsised kasutavad teavet Sinu sirvimisajaloo kohta, et r\u00fchmitada Sind teiste kasutajatega, kellel on sarnased huvid. Selle teabe p\u00f5hjal ja meie loal v\u00f5ivad kolmandatest osalistest reklaamipakkujad paigutada sinu seadmesse k\u00fcpsiseid, mille abil saab n\u00e4idata Sulle kolmandate osaliste veebisaitidel reklaame, mis meie arvates Sinu huvidele vastavad.<\/p>\n\n\n\n<p><span style=\"text-decoration: underline;\">Sotsiaalmeedia k\u00fcpsised<\/span><br>T\u00fc\u00fcp: P\u00fcsik\u00fcpsised<br>Haldab: Kolmandad osapooled<br>Eesm\u00e4rk: Lisaks meie enda k\u00fcpsistele v\u00f5ime veebisaidi kasutusstatistika edastamiseks ja sotsiaalmeedia funktsioonide pakkumiseks kasutada ka mitmesuguseid pluginaid kolmandatest osalistest sotsiaalmeediav\u00f5rgustikelt nagu Facebook, Instagram, Twitter v\u00f5i Google+. Need kolmandate osaliste pluginad v\u00f5ivad salvestada k\u00fcpsiseid. Meil puudub sotsiaalmeedia k\u00fcpsiste \u00fcle kontroll.<\/p>\n\n\n\n<p>Selleks, et nende k\u00fcpsiste kohta rohkem infot saada, vaata privaatsuspoliitikat asjakohase sotsiaalmeediakanali veebisaidil.<\/p>\n<\/div><\/div>\n\n\n\n<div class=\"wp-block-pb-accordion-item c-accordion__item js-accordion-item no-js\" data-initially-open=\"false\" data-click-to-close=\"true\" data-auto-close=\"true\" data-scroll=\"false\" data-scroll-offset=\"0\"><h2 id=\"at-17473\" class=\"c-accordion__title js-accordion-controller\" role=\"button\"><strong>Sinu valikud k\u00fcpsiste kasutamisel<\/strong> <em>Kui eelistad k\u00fcpsiste kasutamist veebisaidil v\u00e4ltida<\/em><\/h2><div id=\"ac-17473\" class=\"c-accordion__content\">\n<p>Kui soovid k\u00fcpsiste kasutamist veebisaidil v\u00e4ltida, pead k\u00f5igepealt keelama k\u00fcpsiste kasutamise oma veebilehitsejas ja seej\u00e4rel kustutama veebilehitsejasse salvestatud k\u00fcpsised, mis on seotud selle veebisaidiga.<\/p>\n\n\n\n<p>K\u00fcpsiste keelamise v\u00f5imalust saad kasutada igal ajal.<\/p>\n\n\n\n<p>Kui Sa meie k\u00fcpsistega ei n\u00f5ustu, v\u00f5id kogeda veebisaidi kasutamisel ebamugavust ning m\u00f5ni funktsioon ei pruugi korralikult t\u00f6\u00f6tada.<\/p>\n\n\n\n<p>Kui soovid k\u00fcpsiseid kustutada v\u00f5i juhendada veebilehitsejat k\u00fcpsiseid kustutama v\u00f5i keelama, k\u00fclasta oma veebilehitseja abilehti.<\/p>\n\n\n\n<p>Chrome\u2019i puhul k\u00fclasta j\u00e4rgmist Google\u2019i lehte: https:\/\/support.google.com\/accounts\/answer\/32050<\/p>\n\n\n\n<p>Internet Exploreri puhul k\u00fclasta j\u00e4rgmist Microsofti lehte: http:\/\/support.microsoft.com\/kb\/278835<\/p>\n\n\n\n<p>Firefoxi puhul k\u00fclasta j\u00e4rgmist Mozilla lehte: https:\/\/support.mozilla.org\/en-US\/kb\/delete-cookies-remove-info-websites-stored<\/p>\n\n\n\n<p>Safari puhul k\u00fclasta j\u00e4rgmist Apple\u2019i lehte: https:\/\/support.apple.com\/guide\/safari\/manage-cookies-and-website-data-sfri11471\/mac<\/p>\n\n\n\n<p>Muude veebilehitsejate puhul k\u00fclasta oma veebilehitseja ametlikke veebilehti.<\/p>\n\n\n\n<p>K\u00fcpsiste kohta leiad rohkem teavet siit: <a href=\"https:\/\/www.termsfeed.com\/blog\/cookies\/\">All About Cookies by TermsFeed<\/a><\/p>\n\n\n\n<p><\/p>\n<\/div><\/div>\n\n\n\n<p><\/p>\n\n\n\n<p>Kui Sul on k\u00fcpsiste kasutamise p\u00f5him\u00f5tete kohta k\u00fcsimusi, v\u00f5ta meiega \u00fchendust aadressil&nbsp;<a href=\"mailto:info@kroonpak.com\">info@kroonpak.com<\/a>.<\/p>\n\n\n\n<p>Viimati uuendatud: 29.09.2022<\/p>\n","protected":false},"excerpt":{"rendered":"K\u00fcpsiste kasutamise p\u00f5him\u00f5tetes on selgitatud, mis on k\u00fcpsised ja kuidas me neid kasutame. Loe k\u00fcpsiste kasutamise p\u00f5him\u00f5tteid, et saada aru, mis t\u00fc\u00fcpi k\u00fcpsiseid me kasutame, millist teavet k\u00fcpsiste abil kogume ja kuidas seda teavet kasutatakse. K\u00fcpsised ei sisalda tavaliselt teavet, mis kasutajat isiklikult tuvastaks, kuid isikuandmed, mida me Sinu kohta salvestame, v\u00f5ivad olla seotud k\u00fcpsistesse&#8230; <a class=\"view-article\" href=\"https:\/\/kroonpak.com\/et\/kupsiste-kasutamise-pohimotted\/\">View Article<\/a>","protected":false},"author":3,"featured_media":0,"parent":0,"menu_order":0,"comment_status":"closed","ping_status":"closed","template":"","meta":{"_acf_changed":false,"footnotes":""},"class_list":["post-1747","page","type-page","status-publish","hentry"],"acf":[],"yoast_head":"<!-- This site is optimized with the Yoast SEO plugin v27.3 - https:\/\/yoast.com\/product\/yoast-seo-wordpress\/ -->\n<title>K\u00fcpsiste kasutamise p\u00f5him\u00f5tted | Kroonpak<\/title>\n<meta name=\"description\" content=\"K\u00fcpsiste kasutamise p\u00f5him\u00f5tetes on selgitatud, mis on k\u00fcpsised ja kuidas me neid kasutame. Loe l\u00e4hemalt meie veebilehelt.\" \/>\n<meta name=\"robots\" content=\"index, follow, max-snippet:-1, max-image-preview:large, max-video-preview:-1\" \/>\n<link rel=\"canonical\" href=\"https:\/\/kroonpak.com\/et\/kupsiste-kasutamise-pohimotted\/\" \/>\n<meta property=\"og:locale\" content=\"et_EE\" \/>\n<meta property=\"og:type\" content=\"article\" \/>\n<meta property=\"og:title\" content=\"K\u00fcpsiste kasutamise p\u00f5him\u00f5tted | Kroonpak\" \/>\n<meta property=\"og:description\" content=\"K\u00fcpsiste kasutamise p\u00f5him\u00f5tetes on selgitatud, mis on k\u00fcpsised ja kuidas me neid kasutame. Loe l\u00e4hemalt meie veebilehelt.\" \/>\n<meta property=\"og:url\" content=\"https:\/\/kroonpak.com\/et\/kupsiste-kasutamise-pohimotted\/\" \/>\n<meta property=\"og:site_name\" content=\"Kroonpak\" \/>\n<meta property=\"article:modified_time\" content=\"2023-05-04T08:02:35+00:00\" \/>\n<meta name=\"twitter:card\" content=\"summary_large_image\" \/>\n<meta name=\"twitter:label1\" content=\"Est. reading time\" \/>\n\t<meta name=\"twitter:data1\" content=\"4 minutit\" \/>\n<script type=\"application\/ld+json\" class=\"yoast-schema-graph\">{\"@context\":\"https:\\\/\\\/schema.org\",\"@graph\":[{\"@type\":\"WebPage\",\"@id\":\"https:\\\/\\\/kroonpak.com\\\/et\\\/kupsiste-kasutamise-pohimotted\\\/\",\"url\":\"https:\\\/\\\/kroonpak.com\\\/et\\\/kupsiste-kasutamise-pohimotted\\\/\",\"name\":\"K\u00fcpsiste kasutamise p\u00f5him\u00f5tted | Kroonpak\",\"isPartOf\":{\"@id\":\"https:\\\/\\\/kroonpak.com\\\/et\\\/#website\"},\"datePublished\":\"2022-09-27T14:14:43+00:00\",\"dateModified\":\"2023-05-04T08:02:35+00:00\",\"description\":\"K\u00fcpsiste kasutamise p\u00f5him\u00f5tetes on selgitatud, mis on k\u00fcpsised ja kuidas me neid kasutame. Loe l\u00e4hemalt meie veebilehelt.\",\"breadcrumb\":{\"@id\":\"https:\\\/\\\/kroonpak.com\\\/et\\\/kupsiste-kasutamise-pohimotted\\\/#breadcrumb\"},\"inLanguage\":\"et\",\"potentialAction\":[{\"@type\":\"ReadAction\",\"target\":[\"https:\\\/\\\/kroonpak.com\\\/et\\\/kupsiste-kasutamise-pohimotted\\\/\"]}]},{\"@type\":\"BreadcrumbList\",\"@id\":\"https:\\\/\\\/kroonpak.com\\\/et\\\/kupsiste-kasutamise-pohimotted\\\/#breadcrumb\",\"itemListElement\":[{\"@type\":\"ListItem\",\"position\":1,\"name\":\"Home\",\"item\":\"https:\\\/\\\/kroonpak.com\\\/et\\\/\"},{\"@type\":\"ListItem\",\"position\":2,\"name\":\"K\u00fcpsiste kasutamise p\u00f5him\u00f5tted\"}]},{\"@type\":\"WebSite\",\"@id\":\"https:\\\/\\\/kroonpak.com\\\/et\\\/#website\",\"url\":\"https:\\\/\\\/kroonpak.com\\\/et\\\/\",\"name\":\"Kroonpak\",\"description\":\"\",\"publisher\":{\"@id\":\"https:\\\/\\\/kroonpak.com\\\/et\\\/#organization\"},\"potentialAction\":[{\"@type\":\"SearchAction\",\"target\":{\"@type\":\"EntryPoint\",\"urlTemplate\":\"https:\\\/\\\/kroonpak.com\\\/et\\\/?s={search_term_string}\"},\"query-input\":{\"@type\":\"PropertyValueSpecification\",\"valueRequired\":true,\"valueName\":\"search_term_string\"}}],\"inLanguage\":\"et\"},{\"@type\":\"Organization\",\"@id\":\"https:\\\/\\\/kroonpak.com\\\/et\\\/#organization\",\"name\":\"Kroonpress AS\",\"url\":\"https:\\\/\\\/kroonpak.com\\\/et\\\/\",\"logo\":{\"@type\":\"ImageObject\",\"inLanguage\":\"et\",\"@id\":\"https:\\\/\\\/kroonpak.com\\\/et\\\/#\\\/schema\\\/logo\\\/image\\\/\",\"url\":\"https:\\\/\\\/kroonpak.com\\\/wp-content\\\/uploads\\\/2022\\\/10\\\/kroonpak.jpg\",\"contentUrl\":\"https:\\\/\\\/kroonpak.com\\\/wp-content\\\/uploads\\\/2022\\\/10\\\/kroonpak.jpg\",\"width\":794,\"height\":412,\"caption\":\"Kroonpress AS\"},\"image\":{\"@id\":\"https:\\\/\\\/kroonpak.com\\\/et\\\/#\\\/schema\\\/logo\\\/image\\\/\"}}]}<\/script>\n<!-- \/ Yoast SEO plugin. -->","yoast_head_json":{"title":"K\u00fcpsiste kasutamise p\u00f5him\u00f5tted | Kroonpak","description":"K\u00fcpsiste kasutamise p\u00f5him\u00f5tetes on selgitatud, mis on k\u00fcpsised ja kuidas me neid kasutame. Loe l\u00e4hemalt meie veebilehelt.","robots":{"index":"index","follow":"follow","max-snippet":"max-snippet:-1","max-image-preview":"max-image-preview:large","max-video-preview":"max-video-preview:-1"},"canonical":"https:\/\/kroonpak.com\/et\/kupsiste-kasutamise-pohimotted\/","og_locale":"et_EE","og_type":"article","og_title":"K\u00fcpsiste kasutamise p\u00f5him\u00f5tted | Kroonpak","og_description":"K\u00fcpsiste kasutamise p\u00f5him\u00f5tetes on selgitatud, mis on k\u00fcpsised ja kuidas me neid kasutame. Loe l\u00e4hemalt meie veebilehelt.","og_url":"https:\/\/kroonpak.com\/et\/kupsiste-kasutamise-pohimotted\/","og_site_name":"Kroonpak","article_modified_time":"2023-05-04T08:02:35+00:00","twitter_card":"summary_large_image","twitter_misc":{"Est. reading time":"4 minutit"},"schema":{"@context":"https:\/\/schema.org","@graph":[{"@type":"WebPage","@id":"https:\/\/kroonpak.com\/et\/kupsiste-kasutamise-pohimotted\/","url":"https:\/\/kroonpak.com\/et\/kupsiste-kasutamise-pohimotted\/","name":"K\u00fcpsiste kasutamise p\u00f5him\u00f5tted | Kroonpak","isPartOf":{"@id":"https:\/\/kroonpak.com\/et\/#website"},"datePublished":"2022-09-27T14:14:43+00:00","dateModified":"2023-05-04T08:02:35+00:00","description":"K\u00fcpsiste kasutamise p\u00f5him\u00f5tetes on selgitatud, mis on k\u00fcpsised ja kuidas me neid kasutame. Loe l\u00e4hemalt meie veebilehelt.","breadcrumb":{"@id":"https:\/\/kroonpak.com\/et\/kupsiste-kasutamise-pohimotted\/#breadcrumb"},"inLanguage":"et","potentialAction":[{"@type":"ReadAction","target":["https:\/\/kroonpak.com\/et\/kupsiste-kasutamise-pohimotted\/"]}]},{"@type":"BreadcrumbList","@id":"https:\/\/kroonpak.com\/et\/kupsiste-kasutamise-pohimotted\/#breadcrumb","itemListElement":[{"@type":"ListItem","position":1,"name":"Home","item":"https:\/\/kroonpak.com\/et\/"},{"@type":"ListItem","position":2,"name":"K\u00fcpsiste kasutamise p\u00f5him\u00f5tted"}]},{"@type":"WebSite","@id":"https:\/\/kroonpak.com\/et\/#website","url":"https:\/\/kroonpak.com\/et\/","name":"Kroonpak","description":"","publisher":{"@id":"https:\/\/kroonpak.com\/et\/#organization"},"potentialAction":[{"@type":"SearchAction","target":{"@type":"EntryPoint","urlTemplate":"https:\/\/kroonpak.com\/et\/?s={search_term_string}"},"query-input":{"@type":"PropertyValueSpecification","valueRequired":true,"valueName":"search_term_string"}}],"inLanguage":"et"},{"@type":"Organization","@id":"https:\/\/kroonpak.com\/et\/#organization","name":"Kroonpress AS","url":"https:\/\/kroonpak.com\/et\/","logo":{"@type":"ImageObject","inLanguage":"et","@id":"https:\/\/kroonpak.com\/et\/#\/schema\/logo\/image\/","url":"https:\/\/kroonpak.com\/wp-content\/uploads\/2022\/10\/kroonpak.jpg","contentUrl":"https:\/\/kroonpak.com\/wp-content\/uploads\/2022\/10\/kroonpak.jpg","width":794,"height":412,"caption":"Kroonpress AS"},"image":{"@id":"https:\/\/kroonpak.com\/et\/#\/schema\/logo\/image\/"}}]}},"_links":{"self":[{"href":"https:\/\/kroonpak.com\/et\/wp-json\/wp\/v2\/pages\/1747","targetHints":{"allow":["GET"]}}],"collection":[{"href":"https:\/\/kroonpak.com\/et\/wp-json\/wp\/v2\/pages"}],"about":[{"href":"https:\/\/kroonpak.com\/et\/wp-json\/wp\/v2\/types\/page"}],"author":[{"embeddable":true,"href":"https:\/\/kroonpak.com\/et\/wp-json\/wp\/v2\/users\/3"}],"replies":[{"embeddable":true,"href":"https:\/\/kroonpak.com\/et\/wp-json\/wp\/v2\/comments?post=1747"}],"version-history":[{"count":5,"href":"https:\/\/kroonpak.com\/et\/wp-json\/wp\/v2\/pages\/1747\/revisions"}],"predecessor-version":[{"id":2030,"href":"https:\/\/kroonpak.com\/et\/wp-json\/wp\/v2\/pages\/1747\/revisions\/2030"}],"wp:attachment":[{"href":"https:\/\/kroonpak.com\/et\/wp-json\/wp\/v2\/media?parent=1747"}],"curies":[{"name":"wp","href":"https:\/\/api.w.org\/{rel}","templated":true}]}}