{"id":2166,"date":"2023-06-01T10:53:10","date_gmt":"2023-06-01T07:53:10","guid":{"rendered":"https:\/\/kroonpak.com\/?page_id=2166"},"modified":"2023-08-30T13:20:26","modified_gmt":"2023-08-30T10:20:26","slug":"trukiettevalmistuse-juhised","status":"publish","type":"page","link":"https:\/\/kroonpak.com\/et\/trukiettevalmistuse-juhised\/","title":{"rendered":"Tr\u00fckiettevalmistuse juhised"},"content":{"rendered":"\n<p>Tr\u00fckiettevalmistus on pakendi kujundamise ja tootmisprotsessi oluline osa. Juhiste ja spetsifikatsioonide j\u00e4rgimine on oluline, et pakendid saaks n\u00f5uetekohaselt ja veatult nii tr\u00fckitud kui toodetud.<br> <br> <\/p>\n\n\n\n<h2 class=\"wp-block-heading\"><strong>Juhised ja soovitused<\/strong><\/h2>\n\n\n\n<ul class=\"wp-block-list\"><li>Failide formaat PDF\/X-1a v\u00f5i PDF\/X-4\u00a0<\/li><li>Dokumendi m\u00f5\u00f5t vastab toote l\u00f5plikule suurusele (stantsijoone m\u00f5\u00f5t)\u00a0<\/li><li>L\u00f5ikevaru (<em>bleed<\/em>) v\u00e4hemalt 2 mm\u00a0<\/li><li>Piltide lahutusv\u00f5ime 300 dpi\u00a0<\/li><li>Kasutatud on CMYK-, halltoone v\u00f5i spot-v\u00e4rve (objektid ja pildid ei ole RGB-v\u00e4rvis\u00fcsteemis)\u00a0<\/li><li>Maksimaalne v\u00e4rvi katvus 300% (s\u00f5ltub v\u00e4rviprofiilist)\u00a0<\/li><li>Suuremate objektide s\u00fcgavama musta efekti saavutamiseks soovitame kasutada neljav\u00e4rvi-musta: C=50 M=40 Y=40 K=100\u00a0<\/li><li>K\u00f5ik fondid on kaasas v\u00f5i kurvitatud<\/li><li>Kasutada tekste, mille suurus on 8 punkti v\u00f5i enam (sh k\u00f5rgus suurem kui\u202f3 mm, joone paksus \u00fcle 0,3 mm)<\/li><li>V\u00e4ikesed mustad tekstid ja objektid \u00fcletr\u00fckiga ja 100K (mitte neljav\u00e4rvi-must)\u00a0<\/li><li>Heledal tekstil v\u00f5i objektil tumedam taust ilma \u00fcletr\u00fckita\u00a0<\/li><li>Olulised tekstid on l\u00f5ike-\/nuudijoontest v\u00e4hemalt 2 mm kaugusel\u00a0<\/li><li>V\u00f6\u00f6tkoodid 100K v\u00f5i eelistatavalt \u00fchev\u00e4rvilised\u00a0<\/li><li>K\u00f5ik j\u00e4relt\u00f6\u00f6tluselemendid (foolium, l\u00f5ikejooned, nuudid, spot-UV jms) peavad olema eraldi kihil v\u00f5i spot-v\u00e4rvina\u00a0<\/li><li>Failinimed peaksid sisaldama disaini nime, toote t\u00fc\u00fcpi ja m\u00f5\u00f5te, versiooni numbrit ja kliendi disainikoodi (kui on olemas) ning kahepoolse tr\u00fcki puhul ka infot k\u00fclgede kohta, n\u00e4iteks<span style=\"color: initial;\">:<\/span><br>Strawberry-Ice-cream_Box-105x105x195_v2.pdf<br>Water-filter-AF-001_Box-105x105x195_outside.pdf<br>Water-filter-AF-001_Box-105x105x195_inside.pdf<br>00561-1-FishBox_Box-105x105x195_outside.pdf<br>00561-1-FishBox_Box-105x105x195_inside.pdf<\/li><li>Kui kahepoolse tr\u00fckiga failid saadetakse \u00fche failina, peavad kujundused olema eraldi lehek\u00fclgedel: v\u00e4limine k\u00fclg 1. lehek\u00fcljel, m\u00e4rgistatuna &#8216;v\u00e4limine&#8217; ja sisemine k\u00fclg 2. lehek\u00fcljel, m\u00e4rgistatuna &#8216;sisemine&#8217;.<br> <br> <\/li><\/ul>\n\n\n\n<h2 class=\"wp-block-heading\"><strong>Juhised EAN-i v\u00f6\u00f6tkoodide jaoks<\/strong><\/h2>\n\n\n\n<p>Siin on juhised v\u00f6\u00f6tkoodide m\u00f5\u00f5tmete kohta: loe l\u00e4hemalt <span style=\"text-decoration: underline;\"><a href=\"https:\/\/barcodeestonia.ee\/ean-13-specifications\/\" target=\"_blank\" rel=\"noreferrer noopener\">EAN13 Barcode Image Specifications<\/a><\/span>.<br> <br> <\/p>\n\n\n\n<h2 class=\"wp-block-heading\"><strong>T\u00e4iendavad abimaterjalid<\/strong><\/h2>\n\n\n\n<p>Siin on m\u00f5ned kasulikud lingid <strong>ECMA<\/strong>-lt (European Carton Makers Association)<\/p>\n\n\n\n<p>Tehniliste juhiste lehek\u00fclg: <a href=\"https:\/\/www.ecma.org\/publications\/technical-guidelines.html\" target=\"_blank\" rel=\"noreferrer noopener\"><span style=\"text-decoration: underline;\">https:\/\/www.ecma.org\/publications\/technical-guidelines.html<\/span><\/a><br>Otselink tehnilistele juhistele: <a href=\"http:\/\/anyflip.com\/ufbf\/krde\/\" target=\"_blank\" rel=\"noreferrer noopener\"><span style=\"text-decoration: underline;\">http:\/\/anyflip.com\/ufbf\/krde\/<\/span><\/a><\/p>\n\n\n\n<p><em>Braille<\/em> juhiste leht: <a href=\"https:\/\/www.ecma.org\/publications\/ecma-braille-guidelines.html\" target=\"_blank\" rel=\"noreferrer noopener\"><span style=\"text-decoration: underline;\">https:\/\/www.ecma.org\/publications\/ecma-braille-guidelines.html<\/span><\/a><br>Otselink <em>Braille <\/em>juhistele:<br><a href=\"https:\/\/www.ecma.org\/uploads\/Bestanden\/Publications\/Brochures\/ECMA%20Braille%20on%20Folding%20Cartons%20(Revised%20Version%20April%202008).pdf\" target=\"_blank\" rel=\"noreferrer noopener\"><span style=\"text-decoration: underline;\">https:\/\/www.ecma.org\/uploads\/Bestanden\/Publications\/Brochures\/ECMA%20Braille%20on%20Folding%20Cartons%20(Revised%20Version%20April%202008).pdf<\/span><\/a><br> <br> <\/p>\n\n\n\n<h2 class=\"wp-block-heading\"><strong>Demo-tr\u00fckimasinaga toodetud maketid<\/strong><\/h2>\n\n\n\n<p>Oluline on arvestada, et demo-tr\u00fckimasinaga tehtud maketid on m\u00f5eldud <strong>ainult esmase ettekujutuse saamiseks<\/strong> ja ei n\u00e4ita t\u00e4pselt l\u00f5pliku tootmisseadme tr\u00fckij\u00e4lge ega tonaalsust! Kuna maketid ei ole valmistatud tr\u00fckistandardite j\u00e4rgi, ei saa garanteerida, et n\u00e4idis ja l\u00f5pptoode on sarnased.<br> <br> <\/p>\n\n\n\n<h2 class=\"wp-block-heading\"><strong>Kas vajad rohkem abi?<\/strong><\/h2>\n\n\n\n<p>Kui Sul on k\u00fcsimusi tr\u00fckiettevalmistuse kohta v\u00f5i vajad t\u00e4psemat selgitust, v\u00f5ta meiega julgelt \u00fchendust aadressil <a href=\"mailto:info@kroonpak.com\">info@kroonpak.com<\/a>.<\/p>\n","protected":false},"excerpt":{"rendered":"Tr\u00fckiettevalmistus on pakendi kujundamise ja tootmisprotsessi oluline osa. Juhiste ja spetsifikatsioonide j\u00e4rgimine on oluline, et pakendid saaks n\u00f5uetekohaselt ja veatult nii tr\u00fckitud kui toodetud. Juhised ja soovitused Failide formaat PDF\/X-1a v\u00f5i PDF\/X-4\u00a0 Dokumendi m\u00f5\u00f5t vastab toote l\u00f5plikule suurusele (stantsijoone m\u00f5\u00f5t)\u00a0 L\u00f5ikevaru (bleed) v\u00e4hemalt 2 mm\u00a0 Piltide lahutusv\u00f5ime 300 dpi\u00a0 Kasutatud on CMYK-, halltoone v\u00f5i spot-v\u00e4rve&#8230; <a class=\"view-article\" href=\"https:\/\/kroonpak.com\/et\/trukiettevalmistuse-juhised\/\">View Article<\/a>","protected":false},"author":3,"featured_media":0,"parent":0,"menu_order":0,"comment_status":"closed","ping_status":"closed","template":"","meta":{"_acf_changed":false,"footnotes":""},"class_list":["post-2166","page","type-page","status-publish","hentry"],"acf":[],"yoast_head":"<!-- This site is optimized with the Yoast SEO plugin v27.3 - https:\/\/yoast.com\/product\/yoast-seo-wordpress\/ -->\n<title>Tr\u00fckiettevalmistuse juhised | Kroonpak<\/title>\n<meta name=\"description\" content=\"Juhiste ja spetsifikatsioonide j\u00e4rgimine on oluline, et pakendid saaks n\u00f5uetekohaselt ja veatult nii tr\u00fckitud kui toodetud. Loe l\u00e4hemalt.\" \/>\n<meta name=\"robots\" content=\"index, follow, max-snippet:-1, max-image-preview:large, max-video-preview:-1\" \/>\n<link rel=\"canonical\" href=\"https:\/\/kroonpak.com\/et\/trukiettevalmistuse-juhised\/\" \/>\n<meta property=\"og:locale\" content=\"et_EE\" \/>\n<meta property=\"og:type\" content=\"article\" \/>\n<meta property=\"og:title\" content=\"Tr\u00fckiettevalmistuse juhised | Kroonpak\" \/>\n<meta property=\"og:description\" content=\"Juhiste ja spetsifikatsioonide j\u00e4rgimine on oluline, et pakendid saaks n\u00f5uetekohaselt ja veatult nii tr\u00fckitud kui toodetud. Loe l\u00e4hemalt.\" \/>\n<meta property=\"og:url\" content=\"https:\/\/kroonpak.com\/et\/trukiettevalmistuse-juhised\/\" \/>\n<meta property=\"og:site_name\" content=\"Kroonpak\" \/>\n<meta property=\"article:modified_time\" content=\"2023-08-30T10:20:26+00:00\" \/>\n<meta name=\"twitter:card\" content=\"summary_large_image\" \/>\n<meta name=\"twitter:label1\" content=\"Est. reading time\" \/>\n\t<meta name=\"twitter:data1\" content=\"2 minutit\" \/>\n<script type=\"application\/ld+json\" class=\"yoast-schema-graph\">{\"@context\":\"https:\\\/\\\/schema.org\",\"@graph\":[{\"@type\":\"WebPage\",\"@id\":\"https:\\\/\\\/kroonpak.com\\\/et\\\/trukiettevalmistuse-juhised\\\/\",\"url\":\"https:\\\/\\\/kroonpak.com\\\/et\\\/trukiettevalmistuse-juhised\\\/\",\"name\":\"Tr\u00fckiettevalmistuse juhised | Kroonpak\",\"isPartOf\":{\"@id\":\"https:\\\/\\\/kroonpak.com\\\/et\\\/#website\"},\"datePublished\":\"2023-06-01T07:53:10+00:00\",\"dateModified\":\"2023-08-30T10:20:26+00:00\",\"description\":\"Juhiste ja spetsifikatsioonide j\u00e4rgimine on oluline, et pakendid saaks n\u00f5uetekohaselt ja veatult nii tr\u00fckitud kui toodetud. Loe l\u00e4hemalt.\",\"breadcrumb\":{\"@id\":\"https:\\\/\\\/kroonpak.com\\\/et\\\/trukiettevalmistuse-juhised\\\/#breadcrumb\"},\"inLanguage\":\"et\",\"potentialAction\":[{\"@type\":\"ReadAction\",\"target\":[\"https:\\\/\\\/kroonpak.com\\\/et\\\/trukiettevalmistuse-juhised\\\/\"]}]},{\"@type\":\"BreadcrumbList\",\"@id\":\"https:\\\/\\\/kroonpak.com\\\/et\\\/trukiettevalmistuse-juhised\\\/#breadcrumb\",\"itemListElement\":[{\"@type\":\"ListItem\",\"position\":1,\"name\":\"Home\",\"item\":\"https:\\\/\\\/kroonpak.com\\\/et\\\/\"},{\"@type\":\"ListItem\",\"position\":2,\"name\":\"Tr\u00fckiettevalmistuse juhised\"}]},{\"@type\":\"WebSite\",\"@id\":\"https:\\\/\\\/kroonpak.com\\\/et\\\/#website\",\"url\":\"https:\\\/\\\/kroonpak.com\\\/et\\\/\",\"name\":\"Kroonpak\",\"description\":\"\",\"publisher\":{\"@id\":\"https:\\\/\\\/kroonpak.com\\\/et\\\/#organization\"},\"potentialAction\":[{\"@type\":\"SearchAction\",\"target\":{\"@type\":\"EntryPoint\",\"urlTemplate\":\"https:\\\/\\\/kroonpak.com\\\/et\\\/?s={search_term_string}\"},\"query-input\":{\"@type\":\"PropertyValueSpecification\",\"valueRequired\":true,\"valueName\":\"search_term_string\"}}],\"inLanguage\":\"et\"},{\"@type\":\"Organization\",\"@id\":\"https:\\\/\\\/kroonpak.com\\\/et\\\/#organization\",\"name\":\"Kroonpress AS\",\"url\":\"https:\\\/\\\/kroonpak.com\\\/et\\\/\",\"logo\":{\"@type\":\"ImageObject\",\"inLanguage\":\"et\",\"@id\":\"https:\\\/\\\/kroonpak.com\\\/et\\\/#\\\/schema\\\/logo\\\/image\\\/\",\"url\":\"https:\\\/\\\/kroonpak.com\\\/wp-content\\\/uploads\\\/2022\\\/10\\\/kroonpak.jpg\",\"contentUrl\":\"https:\\\/\\\/kroonpak.com\\\/wp-content\\\/uploads\\\/2022\\\/10\\\/kroonpak.jpg\",\"width\":794,\"height\":412,\"caption\":\"Kroonpress AS\"},\"image\":{\"@id\":\"https:\\\/\\\/kroonpak.com\\\/et\\\/#\\\/schema\\\/logo\\\/image\\\/\"}}]}<\/script>\n<!-- \/ Yoast SEO plugin. -->","yoast_head_json":{"title":"Tr\u00fckiettevalmistuse juhised | Kroonpak","description":"Juhiste ja spetsifikatsioonide j\u00e4rgimine on oluline, et pakendid saaks n\u00f5uetekohaselt ja veatult nii tr\u00fckitud kui toodetud. Loe l\u00e4hemalt.","robots":{"index":"index","follow":"follow","max-snippet":"max-snippet:-1","max-image-preview":"max-image-preview:large","max-video-preview":"max-video-preview:-1"},"canonical":"https:\/\/kroonpak.com\/et\/trukiettevalmistuse-juhised\/","og_locale":"et_EE","og_type":"article","og_title":"Tr\u00fckiettevalmistuse juhised | Kroonpak","og_description":"Juhiste ja spetsifikatsioonide j\u00e4rgimine on oluline, et pakendid saaks n\u00f5uetekohaselt ja veatult nii tr\u00fckitud kui toodetud. Loe l\u00e4hemalt.","og_url":"https:\/\/kroonpak.com\/et\/trukiettevalmistuse-juhised\/","og_site_name":"Kroonpak","article_modified_time":"2023-08-30T10:20:26+00:00","twitter_card":"summary_large_image","twitter_misc":{"Est. reading time":"2 minutit"},"schema":{"@context":"https:\/\/schema.org","@graph":[{"@type":"WebPage","@id":"https:\/\/kroonpak.com\/et\/trukiettevalmistuse-juhised\/","url":"https:\/\/kroonpak.com\/et\/trukiettevalmistuse-juhised\/","name":"Tr\u00fckiettevalmistuse juhised | Kroonpak","isPartOf":{"@id":"https:\/\/kroonpak.com\/et\/#website"},"datePublished":"2023-06-01T07:53:10+00:00","dateModified":"2023-08-30T10:20:26+00:00","description":"Juhiste ja spetsifikatsioonide j\u00e4rgimine on oluline, et pakendid saaks n\u00f5uetekohaselt ja veatult nii tr\u00fckitud kui toodetud. Loe l\u00e4hemalt.","breadcrumb":{"@id":"https:\/\/kroonpak.com\/et\/trukiettevalmistuse-juhised\/#breadcrumb"},"inLanguage":"et","potentialAction":[{"@type":"ReadAction","target":["https:\/\/kroonpak.com\/et\/trukiettevalmistuse-juhised\/"]}]},{"@type":"BreadcrumbList","@id":"https:\/\/kroonpak.com\/et\/trukiettevalmistuse-juhised\/#breadcrumb","itemListElement":[{"@type":"ListItem","position":1,"name":"Home","item":"https:\/\/kroonpak.com\/et\/"},{"@type":"ListItem","position":2,"name":"Tr\u00fckiettevalmistuse juhised"}]},{"@type":"WebSite","@id":"https:\/\/kroonpak.com\/et\/#website","url":"https:\/\/kroonpak.com\/et\/","name":"Kroonpak","description":"","publisher":{"@id":"https:\/\/kroonpak.com\/et\/#organization"},"potentialAction":[{"@type":"SearchAction","target":{"@type":"EntryPoint","urlTemplate":"https:\/\/kroonpak.com\/et\/?s={search_term_string}"},"query-input":{"@type":"PropertyValueSpecification","valueRequired":true,"valueName":"search_term_string"}}],"inLanguage":"et"},{"@type":"Organization","@id":"https:\/\/kroonpak.com\/et\/#organization","name":"Kroonpress AS","url":"https:\/\/kroonpak.com\/et\/","logo":{"@type":"ImageObject","inLanguage":"et","@id":"https:\/\/kroonpak.com\/et\/#\/schema\/logo\/image\/","url":"https:\/\/kroonpak.com\/wp-content\/uploads\/2022\/10\/kroonpak.jpg","contentUrl":"https:\/\/kroonpak.com\/wp-content\/uploads\/2022\/10\/kroonpak.jpg","width":794,"height":412,"caption":"Kroonpress AS"},"image":{"@id":"https:\/\/kroonpak.com\/et\/#\/schema\/logo\/image\/"}}]}},"_links":{"self":[{"href":"https:\/\/kroonpak.com\/et\/wp-json\/wp\/v2\/pages\/2166","targetHints":{"allow":["GET"]}}],"collection":[{"href":"https:\/\/kroonpak.com\/et\/wp-json\/wp\/v2\/pages"}],"about":[{"href":"https:\/\/kroonpak.com\/et\/wp-json\/wp\/v2\/types\/page"}],"author":[{"embeddable":true,"href":"https:\/\/kroonpak.com\/et\/wp-json\/wp\/v2\/users\/3"}],"replies":[{"embeddable":true,"href":"https:\/\/kroonpak.com\/et\/wp-json\/wp\/v2\/comments?post=2166"}],"version-history":[{"count":13,"href":"https:\/\/kroonpak.com\/et\/wp-json\/wp\/v2\/pages\/2166\/revisions"}],"predecessor-version":[{"id":2372,"href":"https:\/\/kroonpak.com\/et\/wp-json\/wp\/v2\/pages\/2166\/revisions\/2372"}],"wp:attachment":[{"href":"https:\/\/kroonpak.com\/et\/wp-json\/wp\/v2\/media?parent=2166"}],"curies":[{"name":"wp","href":"https:\/\/api.w.org\/{rel}","templated":true}]}}