{"id":6,"date":"2022-09-22T11:51:22","date_gmt":"2022-09-22T08:51:22","guid":{"rendered":"https:\/\/kroonpak.com\/?page_id=6"},"modified":"2025-10-01T15:37:53","modified_gmt":"2025-10-01T12:37:53","slug":"avaleht","status":"publish","type":"page","link":"https:\/\/kroonpak.com\/et\/","title":{"rendered":"Avaleht"},"content":{"rendered":"","protected":false},"excerpt":{"rendered":"","protected":false},"author":1,"featured_media":1105,"parent":0,"menu_order":0,"comment_status":"closed","ping_status":"closed","template":"template-home.php","meta":{"_acf_changed":false,"footnotes":""},"class_list":["post-6","page","type-page","status-publish","has-post-thumbnail","hentry"],"acf":[],"yoast_head":"<!-- This site is optimized with the Yoast SEO plugin v27.5 - https:\/\/yoast.com\/product\/yoast-seo-wordpress\/ -->\n<title>Keskkonnas\u00f5bralikud pakendid | Kroonpak<\/title>\n<meta name=\"description\" content=\"Kroonpak toodab toiduohutuid, keskkonnas\u00f5bralikke ja uuenduslikke pakendeid. Oleme suunitletud eelk\u00f5ige toiduainete- ja joogisektorile ning jaekaupadele.\" \/>\n<meta name=\"robots\" content=\"index, follow, max-snippet:-1, max-image-preview:large, max-video-preview:-1\" \/>\n<link rel=\"canonical\" href=\"https:\/\/kroonpak.com\/et\/\" \/>\n<meta property=\"og:locale\" content=\"et_EE\" \/>\n<meta property=\"og:type\" content=\"article\" \/>\n<meta property=\"og:title\" content=\"Keskkonnas\u00f5bralikud pakendid | Kroonpak\" \/>\n<meta property=\"og:description\" content=\"Kroonpak toodab toiduohutuid, keskkonnas\u00f5bralikke ja uuenduslikke pakendeid. Oleme suunitletud eelk\u00f5ige toiduainete- ja joogisektorile ning jaekaupadele.\" \/>\n<meta property=\"og:url\" content=\"https:\/\/kroonpak.com\/et\/\" \/>\n<meta property=\"og:site_name\" content=\"Kroonpak\" \/>\n<meta property=\"article:modified_time\" content=\"2025-10-01T12:37:53+00:00\" \/>\n<meta property=\"og:image\" content=\"https:\/\/kroonpak.com\/wp-content\/uploads\/2022\/11\/Kroonpak_linkedin_profile_300x300px.jpg\" \/>\n\t<meta property=\"og:image:width\" content=\"300\" \/>\n\t<meta property=\"og:image:height\" content=\"300\" \/>\n\t<meta property=\"og:image:type\" content=\"image\/jpeg\" \/>\n<meta name=\"twitter:card\" content=\"summary_large_image\" \/>\n<meta name=\"twitter:label1\" content=\"Est. reading time\" \/>\n\t<meta name=\"twitter:data1\" content=\"1 minut\" \/>\n<script type=\"application\/ld+json\" class=\"yoast-schema-graph\">{\"@context\":\"https:\\\/\\\/schema.org\",\"@graph\":[{\"@type\":\"WebPage\",\"@id\":\"https:\\\/\\\/kroonpak.com\\\/et\\\/\",\"url\":\"https:\\\/\\\/kroonpak.com\\\/et\\\/\",\"name\":\"Keskkonnas\u00f5bralikud pakendid | Kroonpak\",\"isPartOf\":{\"@id\":\"https:\\\/\\\/kroonpak.com\\\/et\\\/#website\"},\"primaryImageOfPage\":{\"@id\":\"https:\\\/\\\/kroonpak.com\\\/et\\\/#primaryimage\"},\"image\":{\"@id\":\"https:\\\/\\\/kroonpak.com\\\/et\\\/#primaryimage\"},\"thumbnailUrl\":\"https:\\\/\\\/kroonpak.com\\\/wp-content\\\/uploads\\\/2022\\\/11\\\/Kroonpak_linkedin_profile_300x300px.jpg\",\"datePublished\":\"2022-09-22T08:51:22+00:00\",\"dateModified\":\"2025-10-01T12:37:53+00:00\",\"description\":\"Kroonpak toodab toiduohutuid, keskkonnas\u00f5bralikke ja uuenduslikke pakendeid. Oleme suunitletud eelk\u00f5ige toiduainete- ja joogisektorile ning jaekaupadele.\",\"breadcrumb\":{\"@id\":\"https:\\\/\\\/kroonpak.com\\\/et\\\/#breadcrumb\"},\"inLanguage\":\"et\",\"potentialAction\":[{\"@type\":\"ReadAction\",\"target\":[\"https:\\\/\\\/kroonpak.com\\\/et\\\/\"]}]},{\"@type\":\"ImageObject\",\"inLanguage\":\"et\",\"@id\":\"https:\\\/\\\/kroonpak.com\\\/et\\\/#primaryimage\",\"url\":\"https:\\\/\\\/kroonpak.com\\\/wp-content\\\/uploads\\\/2022\\\/11\\\/Kroonpak_linkedin_profile_300x300px.jpg\",\"contentUrl\":\"https:\\\/\\\/kroonpak.com\\\/wp-content\\\/uploads\\\/2022\\\/11\\\/Kroonpak_linkedin_profile_300x300px.jpg\",\"width\":300,\"height\":300},{\"@type\":\"BreadcrumbList\",\"@id\":\"https:\\\/\\\/kroonpak.com\\\/et\\\/#breadcrumb\",\"itemListElement\":[{\"@type\":\"ListItem\",\"position\":1,\"name\":\"Home\",\"item\":\"https:\\\/\\\/kroonpak.com\\\/et\\\/\"},{\"@type\":\"ListItem\",\"position\":2,\"name\":\"Avaleht\"}]},{\"@type\":\"WebSite\",\"@id\":\"https:\\\/\\\/kroonpak.com\\\/et\\\/#website\",\"url\":\"https:\\\/\\\/kroonpak.com\\\/et\\\/\",\"name\":\"Kroonpak\",\"description\":\"\",\"publisher\":{\"@id\":\"https:\\\/\\\/kroonpak.com\\\/et\\\/#organization\"},\"potentialAction\":[{\"@type\":\"SearchAction\",\"target\":{\"@type\":\"EntryPoint\",\"urlTemplate\":\"https:\\\/\\\/kroonpak.com\\\/et\\\/?s={search_term_string}\"},\"query-input\":{\"@type\":\"PropertyValueSpecification\",\"valueRequired\":true,\"valueName\":\"search_term_string\"}}],\"inLanguage\":\"et\"},{\"@type\":\"Organization\",\"@id\":\"https:\\\/\\\/kroonpak.com\\\/et\\\/#organization\",\"name\":\"Kroonpress AS\",\"url\":\"https:\\\/\\\/kroonpak.com\\\/et\\\/\",\"logo\":{\"@type\":\"ImageObject\",\"inLanguage\":\"et\",\"@id\":\"https:\\\/\\\/kroonpak.com\\\/et\\\/#\\\/schema\\\/logo\\\/image\\\/\",\"url\":\"https:\\\/\\\/kroonpak.com\\\/wp-content\\\/uploads\\\/2022\\\/10\\\/kroonpak.jpg\",\"contentUrl\":\"https:\\\/\\\/kroonpak.com\\\/wp-content\\\/uploads\\\/2022\\\/10\\\/kroonpak.jpg\",\"width\":794,\"height\":412,\"caption\":\"Kroonpress AS\"},\"image\":{\"@id\":\"https:\\\/\\\/kroonpak.com\\\/et\\\/#\\\/schema\\\/logo\\\/image\\\/\"}}]}<\/script>\n<!-- \/ Yoast SEO plugin. -->","yoast_head_json":{"title":"Keskkonnas\u00f5bralikud pakendid | Kroonpak","description":"Kroonpak toodab toiduohutuid, keskkonnas\u00f5bralikke ja uuenduslikke pakendeid. Oleme suunitletud eelk\u00f5ige toiduainete- ja joogisektorile ning jaekaupadele.","robots":{"index":"index","follow":"follow","max-snippet":"max-snippet:-1","max-image-preview":"max-image-preview:large","max-video-preview":"max-video-preview:-1"},"canonical":"https:\/\/kroonpak.com\/et\/","og_locale":"et_EE","og_type":"article","og_title":"Keskkonnas\u00f5bralikud pakendid | Kroonpak","og_description":"Kroonpak toodab toiduohutuid, keskkonnas\u00f5bralikke ja uuenduslikke pakendeid. Oleme suunitletud eelk\u00f5ige toiduainete- ja joogisektorile ning jaekaupadele.","og_url":"https:\/\/kroonpak.com\/et\/","og_site_name":"Kroonpak","article_modified_time":"2025-10-01T12:37:53+00:00","og_image":[{"width":300,"height":300,"url":"https:\/\/kroonpak.com\/wp-content\/uploads\/2022\/11\/Kroonpak_linkedin_profile_300x300px.jpg","type":"image\/jpeg"}],"twitter_card":"summary_large_image","twitter_misc":{"Est. reading time":"1 minut"},"schema":{"@context":"https:\/\/schema.org","@graph":[{"@type":"WebPage","@id":"https:\/\/kroonpak.com\/et\/","url":"https:\/\/kroonpak.com\/et\/","name":"Keskkonnas\u00f5bralikud pakendid | Kroonpak","isPartOf":{"@id":"https:\/\/kroonpak.com\/et\/#website"},"primaryImageOfPage":{"@id":"https:\/\/kroonpak.com\/et\/#primaryimage"},"image":{"@id":"https:\/\/kroonpak.com\/et\/#primaryimage"},"thumbnailUrl":"https:\/\/kroonpak.com\/wp-content\/uploads\/2022\/11\/Kroonpak_linkedin_profile_300x300px.jpg","datePublished":"2022-09-22T08:51:22+00:00","dateModified":"2025-10-01T12:37:53+00:00","description":"Kroonpak toodab toiduohutuid, keskkonnas\u00f5bralikke ja uuenduslikke pakendeid. Oleme suunitletud eelk\u00f5ige toiduainete- ja joogisektorile ning jaekaupadele.","breadcrumb":{"@id":"https:\/\/kroonpak.com\/et\/#breadcrumb"},"inLanguage":"et","potentialAction":[{"@type":"ReadAction","target":["https:\/\/kroonpak.com\/et\/"]}]},{"@type":"ImageObject","inLanguage":"et","@id":"https:\/\/kroonpak.com\/et\/#primaryimage","url":"https:\/\/kroonpak.com\/wp-content\/uploads\/2022\/11\/Kroonpak_linkedin_profile_300x300px.jpg","contentUrl":"https:\/\/kroonpak.com\/wp-content\/uploads\/2022\/11\/Kroonpak_linkedin_profile_300x300px.jpg","width":300,"height":300},{"@type":"BreadcrumbList","@id":"https:\/\/kroonpak.com\/et\/#breadcrumb","itemListElement":[{"@type":"ListItem","position":1,"name":"Home","item":"https:\/\/kroonpak.com\/et\/"},{"@type":"ListItem","position":2,"name":"Avaleht"}]},{"@type":"WebSite","@id":"https:\/\/kroonpak.com\/et\/#website","url":"https:\/\/kroonpak.com\/et\/","name":"Kroonpak","description":"","publisher":{"@id":"https:\/\/kroonpak.com\/et\/#organization"},"potentialAction":[{"@type":"SearchAction","target":{"@type":"EntryPoint","urlTemplate":"https:\/\/kroonpak.com\/et\/?s={search_term_string}"},"query-input":{"@type":"PropertyValueSpecification","valueRequired":true,"valueName":"search_term_string"}}],"inLanguage":"et"},{"@type":"Organization","@id":"https:\/\/kroonpak.com\/et\/#organization","name":"Kroonpress AS","url":"https:\/\/kroonpak.com\/et\/","logo":{"@type":"ImageObject","inLanguage":"et","@id":"https:\/\/kroonpak.com\/et\/#\/schema\/logo\/image\/","url":"https:\/\/kroonpak.com\/wp-content\/uploads\/2022\/10\/kroonpak.jpg","contentUrl":"https:\/\/kroonpak.com\/wp-content\/uploads\/2022\/10\/kroonpak.jpg","width":794,"height":412,"caption":"Kroonpress AS"},"image":{"@id":"https:\/\/kroonpak.com\/et\/#\/schema\/logo\/image\/"}}]}},"_links":{"self":[{"href":"https:\/\/kroonpak.com\/et\/wp-json\/wp\/v2\/pages\/6","targetHints":{"allow":["GET"]}}],"collection":[{"href":"https:\/\/kroonpak.com\/et\/wp-json\/wp\/v2\/pages"}],"about":[{"href":"https:\/\/kroonpak.com\/et\/wp-json\/wp\/v2\/types\/page"}],"author":[{"embeddable":true,"href":"https:\/\/kroonpak.com\/et\/wp-json\/wp\/v2\/users\/1"}],"replies":[{"embeddable":true,"href":"https:\/\/kroonpak.com\/et\/wp-json\/wp\/v2\/comments?post=6"}],"version-history":[{"count":39,"href":"https:\/\/kroonpak.com\/et\/wp-json\/wp\/v2\/pages\/6\/revisions"}],"predecessor-version":[{"id":4612,"href":"https:\/\/kroonpak.com\/et\/wp-json\/wp\/v2\/pages\/6\/revisions\/4612"}],"wp:featuredmedia":[{"embeddable":true,"href":"https:\/\/kroonpak.com\/et\/wp-json\/wp\/v2\/media\/1105"}],"wp:attachment":[{"href":"https:\/\/kroonpak.com\/et\/wp-json\/wp\/v2\/media?parent=6"}],"curies":[{"name":"wp","href":"https:\/\/api.w.org\/{rel}","templated":true}]}}